{"id":15768,"date":"2024-01-11T16:02:23","date_gmt":"2024-01-11T16:02:23","guid":{"rendered":"https:\/\/aera.ba\/?post_type=product&#038;p=15768"},"modified":"2024-01-12T10:46:06","modified_gmt":"2024-01-12T10:46:06","slug":"bry-exit-led-3w-hng-ip20-wht-emergency-exit","status":"publish","type":"product","link":"https:\/\/aera.ba\/?product=bry-exit-led-3w-hng-ip20-wht-emergency-exit","title":{"rendered":"BRY-EXIT-LED-3W-HNG-IP20-WHT-EMERGENCY EXIT"},"content":{"rendered":"<p data-sourcepos=\"13:1-13:27\"><strong>Tehni\u010dke specifikacije:<\/strong><\/p>\n<ul data-sourcepos=\"15:1-20:24\">\n<li data-sourcepos=\"15:1-15:19\">Model:\u00a0BC14-01100<\/li>\n<li data-sourcepos=\"16:1-16:21\">Garancija:\u00a02 godine<\/li>\n<li data-sourcepos=\"17:1-17:17\">Klasa:\u00a0Class II<\/li>\n<li data-sourcepos=\"18:1-18:17\">IP rejtng:\u00a0IP20<\/li>\n<li data-sourcepos=\"19:1-19:16\">Materijal:\u00a0ABS<\/li>\n<li data-sourcepos=\"20:1-20:24\">Radna temperatura:\u00a0-20\u00b0C do 40\u00b0C<\/li>\n<li data-sourcepos=\"21:1-21:30\">Radno vrijeme:\u00a03 h (u nu\u017edi)<\/li>\n<li data-sourcepos=\"22:1-22:23\">Frekvencija:\u00a050-60 Hz<\/li>\n<li data-sourcepos=\"23:1-23:39\">Baterija:\u00a01,2V 1000 mAh Ni-mh Battery<\/li>\n<li data-sourcepos=\"24:1-24:47\">Re\u017eim u nu\u017edi:\u00a0Maintained ili pokretni senzor<\/li>\n<li data-sourcepos=\"25:1-25:18\">Tip punjenja:\u00a0AC<\/li>\n<li data-sourcepos=\"26:1-26:22\">Vreme punjenja:\u00a024 h<\/li>\n<li data-sourcepos=\"27:1-27:29\">Broj ciklusa punjenja:\u00a01000<\/li>\n<li data-sourcepos=\"28:1-28:16\">Lumeni:\u00a0150 lm<\/li>\n<li data-sourcepos=\"29:1-29:26\">Temperatura boje:\u00a0Zelena<\/li>\n<li data-sourcepos=\"30:1-30:32\">Ugao rasipanja svetlosti:\u00a0120\u00b0<\/li>\n<li data-sourcepos=\"31:1-31:17\">Napon:\u00a0220-240V<\/li>\n<li data-sourcepos=\"32:1-32:20\">Faktor snage:\u00a0&gt;0,5<\/li>\n<li data-sourcepos=\"33:1-33:16\">Du\u017eina:\u00a0266 mm<\/li>\n<li data-sourcepos=\"34:1-34:15\">\u0160irina:\u00a053 mm<\/li>\n<li data-sourcepos=\"35:1-35:16\">Visina:\u00a0255 mm<\/li>\n<li data-sourcepos=\"36:1-36:16\">Te\u017eina:\u00a0340 gr<\/li>\n<li data-sourcepos=\"37:1-38:0\">Domet detekcije senzora:\u00a025m<\/li>\n<\/ul>\n","protected":false},"excerpt":{"rendered":"<h2 class=\"\" data-sourcepos=\"1:1-1:79\">BC14-01100: Pouzdana i vidljiva izlazna oznaka koja nikad ne izdaje u mraku!<\/h2>\n<p data-sourcepos=\"3:1-3:38\">Sigurnost je na prvom mjestu. Zato vam predstavljamo BC14-01100, izlaznu oznaku sa baterijom i sensorom pokreta koja pru\u017ea jasnu vidljivost izlaznih putova u slu\u010daju prekida struje.<\/p>\n<p data-sourcepos=\"5:1-5:22\"><strong>Klju\u010dne prednosti:<\/strong><\/p>\n<ul data-sourcepos=\"7:1-7:59\">\n<li data-sourcepos=\"7:1-7:59\"><strong>Upadljiva zelena LED svjetlost (150 lm):<\/strong>\u00a0Omogu\u0107ava brzo i lako uo\u010davanje izlaznih oznaka \u010dak i u potpunom mraku.<\/li>\n<li data-sourcepos=\"8:1-8:158\"><strong>Automatsko uklju\u010denje:<\/strong>\u00a0Senzor pokreta detektuje kretanje na udaljenosti do 25m i automatski aktivira svjetlo,\u00a0u\u0161tede\u0107i bateriju i pru\u017eaju\u0107i pravovremenu pomo\u0107 u hitnim situacijama.<\/li>\n<li data-sourcepos=\"9:1-9:144\"><strong>Duga ustrajnost:<\/strong>\u00a0Ni-mh baterija od 1,2V 1000 mAh pru\u017ea radno vrijeme od 3 sata u slu\u010daju prekida struje,\u00a0omogu\u0107avaju\u0107i sigurnu evakuaciju.<\/li>\n<li data-sourcepos=\"10:1-10:132\"><strong>Izdr\u017eljiva i sigurna:<\/strong>\u00a0ABS materijal i Class II\/IP20 rejtng \u010dine ovu izlaznu oznaku \u010dvrstom i bezbednom za unutra\u0161nju upotrebu.<\/li>\n<li data-sourcepos=\"11:1-12:0\"><strong>Odabrana funkcija:<\/strong>\u00a0Rad u uklju\u010denom stanju ili automatsko uklju\u010denje preko senzora pokreta.<\/li>\n<\/ul>\n","protected":false},"featured_media":15769,"template":"","meta":[],"product_brand":[148],"product_cat":[147,157],"product_tag":[],"class_list":{"0":"post-15768","1":"product","2":"type-product","3":"status-publish","4":"has-post-thumbnail","6":"product_brand-brayton","7":"product_cat-najprodavanije","8":"product_cat-panik-rasvjeta","11":"first","12":"instock","13":"shipping-taxable","14":"purchasable","15":"product-type-simple"},"_links":{"self":[{"href":"https:\/\/aera.ba\/index.php?rest_route=\/wp\/v2\/product\/15768","targetHints":{"allow":["GET"]}}],"collection":[{"href":"https:\/\/aera.ba\/index.php?rest_route=\/wp\/v2\/product"}],"about":[{"href":"https:\/\/aera.ba\/index.php?rest_route=\/wp\/v2\/types\/product"}],"wp:featuredmedia":[{"embeddable":true,"href":"https:\/\/aera.ba\/index.php?rest_route=\/wp\/v2\/media\/15769"}],"wp:attachment":[{"href":"https:\/\/aera.ba\/index.php?rest_route=%2Fwp%2Fv2%2Fmedia&parent=15768"}],"wp:term":[{"taxonomy":"product_brand","embeddable":true,"href":"https:\/\/aera.ba\/index.php?rest_route=%2Fwp%2Fv2%2Fproduct_brand&post=15768"},{"taxonomy":"product_cat","embeddable":true,"href":"https:\/\/aera.ba\/index.php?rest_route=%2Fwp%2Fv2%2Fproduct_cat&post=15768"},{"taxonomy":"product_tag","embeddable":true,"href":"https:\/\/aera.ba\/index.php?rest_route=%2Fwp%2Fv2%2Fproduct_tag&post=15768"}],"curies":[{"name":"wp","href":"https:\/\/api.w.org\/{rel}","templated":true}]}}