{"id":15767,"date":"2024-01-11T15:58:49","date_gmt":"2024-01-11T15:58:49","guid":{"rendered":"https:\/\/aera.ba\/?post_type=product&#038;p=15767"},"modified":"2024-01-11T16:02:10","modified_gmt":"2024-01-11T16:02:10","slug":"bry-bm90-90led-6500k-wht-rechargeable-light","status":"publish","type":"product","link":"https:\/\/aera.ba\/?product=bry-bm90-90led-6500k-wht-rechargeable-light","title":{"rendered":"BRY-BM90-90LED-6500K-WHT-RECHARGEABLE LIGHT"},"content":{"rendered":"<p data-sourcepos=\"13:1-13:27\"><strong>Tehni\u010dke specifikacije:<\/strong><\/p>\n<ul data-sourcepos=\"15:1-22:15\">\n<li data-sourcepos=\"15:1-15:19\">Model:\u00a0BC01-00430<\/li>\n<li data-sourcepos=\"16:1-16:21\">Garancija:\u00a01 godina<\/li>\n<li data-sourcepos=\"17:1-17:17\">Klasa:\u00a0Class II<\/li>\n<li data-sourcepos=\"18:1-18:17\">IP rejtng:\u00a0IP20<\/li>\n<li data-sourcepos=\"19:1-19:16\">Materijal:\u00a0ABS<\/li>\n<li data-sourcepos=\"20:1-20:34\">Radna temperatura:\u00a0-20\u00b0C do 40\u00b0C<\/li>\n<li data-sourcepos=\"21:1-21:22\">Radno vrijeme:\u00a06-8 h<\/li>\n<li data-sourcepos=\"22:1-22:15\">Frekvencija:\u00a050-60 Hz<\/li>\n<li data-sourcepos=\"23:1-23:41\">Baterija:\u00a03,7V 3200 mAh Lithium Battery<\/li>\n<li data-sourcepos=\"24:1-24:18\">Tip punjenja:\u00a0AC<\/li>\n<li data-sourcepos=\"25:1-25:22\">Vreme punjenja:\u00a024 h<\/li>\n<li data-sourcepos=\"26:1-26:28\">Broj ciklusa punjenja:\u00a0500<\/li>\n<li data-sourcepos=\"27:1-27:16\">Lumeni:\u00a0600 lm<\/li>\n<li data-sourcepos=\"28:1-28:25\">Temperatura boje:\u00a06500K<\/li>\n<li data-sourcepos=\"29:1-29:32\">Indeks prikaza boje (CRI):\u00a0&gt;70<\/li>\n<li data-sourcepos=\"30:1-30:32\">Ugao rasipanja svetlosti:\u00a0120\u00b0<\/li>\n<li data-sourcepos=\"31:1-31:17\">Napon:\u00a0220-240V<\/li>\n<li data-sourcepos=\"32:1-32:20\">Faktor snage:\u00a0&gt;0,5<\/li>\n<li data-sourcepos=\"33:1-33:16\">Du\u017eina:\u00a0500 mm<\/li>\n<li data-sourcepos=\"34:1-34:15\">\u0160irina:\u00a065 mm<\/li>\n<li data-sourcepos=\"35:1-35:15\">Visina:\u00a035 mm<\/li>\n<li data-sourcepos=\"36:1-37:0\">Te\u017eina:\u00a0463 gr<\/li>\n<\/ul>\n<p data-sourcepos=\"38:1-38:111\"><strong>Dimenzije i te\u017eina:<\/strong> Tanka i laka dizajna omogu\u0107ava lako preno\u0161enje i postavljanje na razli\u010ditim povr\u0161inama.<\/p>\n<p data-sourcepos=\"40:1-40:68\"><strong>BC01-00430 LED plo\u010da je savr\u0161eno rje\u0161enje za one koji tra\u017ee sna\u017eno i fleksibilno osvjetljenje u pokretu ili na radnom stolu. Naru\u010dite svoj danas i u\u017eivajte u mo\u0107nom i produktivnom osvjetljenju bez kabele!<\/strong><\/p>\n","protected":false},"excerpt":{"rendered":"<h2 class=\"\" data-sourcepos=\"1:1-1:78\">CIJENA NA UPIT<\/h2>\n<p>&nbsp;<\/p>\n<h2 class=\"\" data-sourcepos=\"1:1-1:71\">BC01-00430: Mo\u0107na i fleksibilna LED plo\u010da za osvetljenje bez granica<\/h2>\n<p data-sourcepos=\"3:1-3:202\">Tra\u017eite rje\u0161enje za rasvjetljavanje ve\u0107ih povr\u0161ina ili radnih prostora sa sna\u017enim hladnim bijelim svjetlom? Pogledajte BC01-00430, LED plo\u010du za punjenje koja pru\u017ea fleksibilno i impresivno osvjetljenje.<\/p>\n<p data-sourcepos=\"5:1-5:22\"><strong>Klju\u010dne prednosti:<\/strong><\/p>\n<ul data-sourcepos=\"7:1-7:69\">\n<li data-sourcepos=\"7:1-7:69\"><strong>Ekstremna snaga:<\/strong>\u00a0Sa snagom od 6W i 600 lumena,\u00a0ova LED plo\u010da osvetljava \u0161iroke prostore i radne povr\u0161ine bez problema.<\/li>\n<li data-sourcepos=\"8:1-8:114\"><strong>Duga ustrajnost:<\/strong>\u00a0Litijska baterija od 3,7V 3200 mAh pru\u017ea radno vrijeme od 6 do 8 sati,\u00a0ovisno o kori\u0161tenju.<\/li>\n<li data-sourcepos=\"9:1-9:98\"><strong>Fleksibilna primjena:<\/strong>\u00a0Tanka dizajna (500x65x35mm) i laka za no\u0161enje (463g),\u00a0idealna za radne stolove,\u00a0kamione,\u00a0kampiranje i jo\u0161 mnogo toga.<\/li>\n<li data-sourcepos=\"10:1-10:101\"><strong>Brzo punjenje:<\/strong>\u00a0Punjenje preko AC mre\u017ee traje samo 24 sata,\u00a0spremaju\u0107i vas za sljede\u0107i projekat.<\/li>\n<li data-sourcepos=\"11:1-12:0\"><strong>Izdr\u017eljiva i sigurna:<\/strong>\u00a0ABS materijal pru\u017ea \u010dvrsto\u0107u,\u00a0a Klasa II i IP20 rejtng \u010dine ovu plo\u010du bezbednom za unutra\u0161nju upotrebu.<\/li>\n<\/ul>\n","protected":false},"featured_media":15761,"template":"","meta":[],"product_brand":[148],"product_cat":[157],"product_tag":[],"class_list":{"0":"post-15767","1":"product","2":"type-product","3":"status-publish","4":"has-post-thumbnail","6":"product_brand-brayton","7":"product_cat-panik-rasvjeta","10":"first","11":"instock","12":"shipping-taxable","13":"purchasable","14":"product-type-simple"},"_links":{"self":[{"href":"https:\/\/aera.ba\/index.php?rest_route=\/wp\/v2\/product\/15767","targetHints":{"allow":["GET"]}}],"collection":[{"href":"https:\/\/aera.ba\/index.php?rest_route=\/wp\/v2\/product"}],"about":[{"href":"https:\/\/aera.ba\/index.php?rest_route=\/wp\/v2\/types\/product"}],"wp:featuredmedia":[{"embeddable":true,"href":"https:\/\/aera.ba\/index.php?rest_route=\/wp\/v2\/media\/15761"}],"wp:attachment":[{"href":"https:\/\/aera.ba\/index.php?rest_route=%2Fwp%2Fv2%2Fmedia&parent=15767"}],"wp:term":[{"taxonomy":"product_brand","embeddable":true,"href":"https:\/\/aera.ba\/index.php?rest_route=%2Fwp%2Fv2%2Fproduct_brand&post=15767"},{"taxonomy":"product_cat","embeddable":true,"href":"https:\/\/aera.ba\/index.php?rest_route=%2Fwp%2Fv2%2Fproduct_cat&post=15767"},{"taxonomy":"product_tag","embeddable":true,"href":"https:\/\/aera.ba\/index.php?rest_route=%2Fwp%2Fv2%2Fproduct_tag&post=15767"}],"curies":[{"name":"wp","href":"https:\/\/api.w.org\/{rel}","templated":true}]}}