{"id":15749,"date":"2024-01-11T15:47:33","date_gmt":"2024-01-11T15:47:33","guid":{"rendered":"https:\/\/aera.ba\/?post_type=product&#038;p=15749"},"modified":"2024-01-11T15:51:10","modified_gmt":"2024-01-11T15:51:10","slug":"bry-exit-led-2w-ip20-gls-exit-iesire-exit-lamp","status":"publish","type":"product","link":"https:\/\/aera.ba\/?product=bry-exit-led-2w-ip20-gls-exit-iesire-exit-lamp","title":{"rendered":"BRY-EXIT-LED-2W-IP20-GLS-EXIT-IESIRE-EXIT LAMP"},"content":{"rendered":"<p data-sourcepos=\"13:1-13:28\"><strong>Tehni\u010dke karakteristike:<\/strong><\/p>\n<ul data-sourcepos=\"15:1-25:11\">\n<li data-sourcepos=\"15:1-15:19\">Model:\u00a0BC14-00553<\/li>\n<li data-sourcepos=\"16:1-16:21\">Garancija:\u00a02 godine<\/li>\n<li data-sourcepos=\"17:1-17:16\">Klasa:\u00a0Class I<\/li>\n<li data-sourcepos=\"18:1-18:17\">IP rejtng:\u00a0IP20<\/li>\n<li data-sourcepos=\"19:1-19:22\">Materijal:\u00a0Aluminium<\/li>\n<li data-sourcepos=\"20:1-20:34\">Radna temperatura:\u00a0-20\u00b0C do 40\u00b0C<\/li>\n<li data-sourcepos=\"21:1-21:22\">Radno vrijeme:\u00a01,5 h<\/li>\n<li data-sourcepos=\"22:1-22:23\">Frekvencija:\u00a050-60 Hz<\/li>\n<li data-sourcepos=\"23:1-23:21\">Tip punjenja:\u00a0AC\/DC<\/li>\n<li data-sourcepos=\"24:1-24:28\">Broj ciklusa punjenja:\u00a0300<\/li>\n<li data-sourcepos=\"25:1-25:11\">Dimenzije:\u00a0360 x 145 x 23 mm<\/li>\n<li data-sourcepos=\"26:1-27:0\">Te\u017eina:\u00a0461 gr<\/li>\n<\/ul>\n","protected":false},"excerpt":{"rendered":"<h2 class=\"\" data-sourcepos=\"1:1-1:75\">BC14-00553: Pouzdana i elegantna izlazna svjetlost koja nikad ne zaka\u017ee!<\/h2>\n<p data-sourcepos=\"3:1-3:24\">U sigurnosti je va\u017ena svaka sekunda. Stoga vam predstavljamo BC14-00553, izlaznu svjetlost sa baterijom koja pru\u017ea pouzdan izlaz u slu\u010daju prekida struje.<\/p>\n<p data-sourcepos=\"5:1-5:22\"><strong>Klju\u010dne prednosti:<\/strong><\/p>\n<ul data-sourcepos=\"7:1-7:77\">\n<li data-sourcepos=\"7:1-7:77\"><strong>Duga ustrajnost:<\/strong>\u00a0Integrisana baterija pru\u017ea radno vrijeme od 1,5 sata u slu\u010daju prekida struje,\u00a0omogu\u0107avaju\u0107i bezbri\u017enu evakuaciju.<\/li>\n<li data-sourcepos=\"8:1-8:126\"><strong>Automatsko uklju\u010denje:<\/strong>\u00a0Senzor svetlosti automatski aktivira svjetlo u mraku,\u00a0pru\u017eaju\u0107i jasnu vidljivost izlaznih oznaka.<\/li>\n<li data-sourcepos=\"9:1-9:82\"><strong>Elegantna i kompaktna:<\/strong>\u00a0Srebrna aluminijska konstrukcija savr\u0161eno se uklapa u razli\u010dite dizajne,\u00a0bez ometanja prostora.<\/li>\n<li data-sourcepos=\"10:1-10:124\"><strong>Pouzdana i dugotrajna:<\/strong>\u00a0Sa du\u017eim vijekom trajanja od 20.000 sati i 300 ciklusa punjenja,\u00a0sprema vas na svaku situaciju.<\/li>\n<li data-sourcepos=\"11:1-12:0\"><strong>Sigurnost za unos:<\/strong>\u00a0Klasa I i IP20 rejtng \u010dine ovu svjetlost bezbednom za unutra\u0161nju upotrebu.<\/li>\n<\/ul>\n","protected":false},"featured_media":15750,"template":"","meta":[],"product_brand":[148],"product_cat":[157],"product_tag":[],"class_list":{"0":"post-15749","1":"product","2":"type-product","3":"status-publish","4":"has-post-thumbnail","6":"product_brand-brayton","7":"product_cat-panik-rasvjeta","10":"first","11":"instock","12":"shipping-taxable","13":"purchasable","14":"product-type-simple"},"_links":{"self":[{"href":"https:\/\/aera.ba\/index.php?rest_route=\/wp\/v2\/product\/15749","targetHints":{"allow":["GET"]}}],"collection":[{"href":"https:\/\/aera.ba\/index.php?rest_route=\/wp\/v2\/product"}],"about":[{"href":"https:\/\/aera.ba\/index.php?rest_route=\/wp\/v2\/types\/product"}],"wp:featuredmedia":[{"embeddable":true,"href":"https:\/\/aera.ba\/index.php?rest_route=\/wp\/v2\/media\/15750"}],"wp:attachment":[{"href":"https:\/\/aera.ba\/index.php?rest_route=%2Fwp%2Fv2%2Fmedia&parent=15749"}],"wp:term":[{"taxonomy":"product_brand","embeddable":true,"href":"https:\/\/aera.ba\/index.php?rest_route=%2Fwp%2Fv2%2Fproduct_brand&post=15749"},{"taxonomy":"product_cat","embeddable":true,"href":"https:\/\/aera.ba\/index.php?rest_route=%2Fwp%2Fv2%2Fproduct_cat&post=15749"},{"taxonomy":"product_tag","embeddable":true,"href":"https:\/\/aera.ba\/index.php?rest_route=%2Fwp%2Fv2%2Fproduct_tag&post=15749"}],"curies":[{"name":"wp","href":"https:\/\/api.w.org\/{rel}","templated":true}]}}