{"id":15731,"date":"2024-01-11T15:29:19","date_gmt":"2024-01-11T15:29:19","guid":{"rendered":"https:\/\/aera.ba\/?post_type=product&#038;p=15731"},"modified":"2024-01-11T15:34:01","modified_gmt":"2024-01-11T15:34:01","slug":"bry-ecoline-12w-60l-5050-rgb-24v-ip20-led-strip","status":"publish","type":"product","link":"https:\/\/aera.ba\/?product=bry-ecoline-12w-60l-5050-rgb-24v-ip20-led-strip","title":{"rendered":"BRY-ECOLINE-12W-60L-5050-3000K-24V-IP20-LED STRIP"},"content":{"rendered":"<p data-sourcepos=\"14:1-14:27\"><strong>Tehni\u010dke specifikacije:<\/strong><\/p>\n<ul data-sourcepos=\"16:1-16:17\">\n<li data-sourcepos=\"16:1-16:17\">Model:\u00a0BS01-00310<\/li>\n<li data-sourcepos=\"17:1-17:21\">Garancija:\u00a02 godine<\/li>\n<li data-sourcepos=\"18:1-18:18\">Klasa:\u00a0Class III<\/li>\n<li data-sourcepos=\"19:1-19:17\">IP rejtng:\u00a0IP20<\/li>\n<li data-sourcepos=\"20:1-20:17\">Materijal:\u00a0FPCB<\/li>\n<li data-sourcepos=\"21:1-21:34\">Radna temperatura:\u00a0-20\u00b0C do 40\u00b0C<\/li>\n<li data-sourcepos=\"22:1-22:32\">Rasipanje svetlosti:\u00a0Nesmjerno<\/li>\n<li data-sourcepos=\"23:1-23:19\">Izvor svetla:\u00a0LED<\/li>\n<li data-sourcepos=\"24:1-24:25\">Temperatura boje:\u00a03000K<\/li>\n<li data-sourcepos=\"25:1-25:28\">Koli\u010dina lumena:\u00a012 lm\/led<\/li>\n<li data-sourcepos=\"26:1-26:32\">Indeks prikaza boje (CRI):\u00a0&gt;80<\/li>\n<li data-sourcepos=\"27:1-27:32\">Nivo energetske efikasnosti:\u00a0G<\/li>\n<li data-sourcepos=\"28:1-28:29\">Kategorija boje:\u00a0Warm White<\/li>\n<li data-sourcepos=\"29:1-29:14\">Napon:\u00a024VDC<\/li>\n<li data-sourcepos=\"30:1-30:36\">Vek trajanja (2.7 h\/dan):\u00a020.000 h<\/li>\n<li data-sourcepos=\"31:1-31:23\">Du\u017eina trake:\u00a01000 mm<\/li>\n<li data-sourcepos=\"32:1-32:21\">\u0160irina trake:\u00a010 mm<\/li>\n<li data-sourcepos=\"33:1-34:0\">Te\u017eina trake:\u00a014 gr<\/li>\n<\/ul>\n<p data-sourcepos=\"35:1-35:112\"><strong>Dimenzije i te\u017eina artikla:<\/strong> Kompaktna \u0161irina i mala te\u017eina trake omogu\u0107avaju diskretno ugra\u0111ivanje na razli\u010dite povr\u0161ine bez ometanja dizajna.<\/p>\n<p data-sourcepos=\"37:1-37:184\"><strong>BS01-00310 LED traka je savr\u0161ena za one koji tra\u017ee kombinaciju efikasnosti, prirodnog sjaja i dugotrajnosti. Naru\u010dite svoj danas i stvorite savr\u0161eno osvjetljenje u svakom prostoru!<\/strong><\/p>\n","protected":false},"excerpt":{"rendered":"<p>BS01-00310 LED traka predstavlja pouzdano i energetski efikasno rje\u0161enje za razne potrebe osvjetljenja. Nudi sjajnu bijelu svjetlost od 3000K temperature boje, idealnu za stvaranje ugodne i prirodne atmosfere u domovima, kancelarijama, trgovinama ili restoranima.<\/p>\n","protected":false},"featured_media":15736,"template":"","meta":[],"product_brand":[148],"product_cat":[125],"product_tag":[],"class_list":{"0":"post-15731","1":"product","2":"type-product","3":"status-publish","4":"has-post-thumbnail","6":"product_brand-brayton","7":"product_cat-led-trake","10":"first","11":"instock","12":"shipping-taxable","13":"purchasable","14":"product-type-simple"},"_links":{"self":[{"href":"https:\/\/aera.ba\/index.php?rest_route=\/wp\/v2\/product\/15731","targetHints":{"allow":["GET"]}}],"collection":[{"href":"https:\/\/aera.ba\/index.php?rest_route=\/wp\/v2\/product"}],"about":[{"href":"https:\/\/aera.ba\/index.php?rest_route=\/wp\/v2\/types\/product"}],"wp:featuredmedia":[{"embeddable":true,"href":"https:\/\/aera.ba\/index.php?rest_route=\/wp\/v2\/media\/15736"}],"wp:attachment":[{"href":"https:\/\/aera.ba\/index.php?rest_route=%2Fwp%2Fv2%2Fmedia&parent=15731"}],"wp:term":[{"taxonomy":"product_brand","embeddable":true,"href":"https:\/\/aera.ba\/index.php?rest_route=%2Fwp%2Fv2%2Fproduct_brand&post=15731"},{"taxonomy":"product_cat","embeddable":true,"href":"https:\/\/aera.ba\/index.php?rest_route=%2Fwp%2Fv2%2Fproduct_cat&post=15731"},{"taxonomy":"product_tag","embeddable":true,"href":"https:\/\/aera.ba\/index.php?rest_route=%2Fwp%2Fv2%2Fproduct_tag&post=15731"}],"curies":[{"name":"wp","href":"https:\/\/api.w.org\/{rel}","templated":true}]}}