{"id":15727,"date":"2024-01-11T15:25:12","date_gmt":"2024-01-11T15:25:12","guid":{"rendered":"https:\/\/aera.ba\/?post_type=product&#038;p=15727"},"modified":"2024-01-11T15:28:44","modified_gmt":"2024-01-11T15:28:44","slug":"bry-ps03-25a-ip44-sensor","status":"publish","type":"product","link":"https:\/\/aera.ba\/?product=bry-ps03-25a-ip44-sensor","title":{"rendered":"BRY-PS03-25A-IP44-SENSOR"},"content":{"rendered":"<p data-sourcepos=\"13:1-13:27\"><strong>Tehni\u010dke specifikacije:<\/strong><\/p>\n<ul data-sourcepos=\"15:1-17:1\">\n<li data-sourcepos=\"15:1-15:19\">Model:\u00a0BY31-03040<\/li>\n<li data-sourcepos=\"16:1-16:21\">Garancija:\u00a02 godine<\/li>\n<li data-sourcepos=\"17:1-17:1\">Klasa:\u00a0Class II<\/li>\n<li data-sourcepos=\"18:1-18:17\">IP rejtng:\u00a0IP44<\/li>\n<li data-sourcepos=\"19:1-19:15\">Materijal:\u00a0PC<\/li>\n<li data-sourcepos=\"20:1-20:34\">Radna temperatura:\u00a0-20\u00b0C do 40\u00b0C<\/li>\n<li data-sourcepos=\"21:1-21:23\">Frekvencija:\u00a050-60 Hz<\/li>\n<li data-sourcepos=\"22:1-22:16\">Pre\u010dnik:\u00a078 mm<\/li>\n<li data-sourcepos=\"23:1-23:16\">Visina:\u00a0142 mm<\/li>\n<li data-sourcepos=\"24:1-24:16\">Te\u017eina:\u00a0147 gr<\/li>\n<li data-sourcepos=\"25:1-25:26\">Du\u017eina pakovanja:\u00a0150 mm<\/li>\n<li data-sourcepos=\"26:1-26:30\">Tip senzora:\u00a0Fotoosjetljiva\u010d<\/li>\n<li data-sourcepos=\"27:1-27:26\">Domet detekcije:\u00a04 metra<\/li>\n<li data-sourcepos=\"28:1-29:0\">Nivo osjetljivosti:\u00a02-100 luksa<\/li>\n<\/ul>\n<p data-sourcepos=\"30:1-30:132\"><strong>Dimenzije i te\u017eina artikla:<\/strong> Kompaktna veli\u010dina i mala te\u017eina omogu\u0107avaju lako i diskretno ugra\u0111ivanje bez naru\u0161avanja ambijenta.<\/p>\n<p data-sourcepos=\"32:1-32:34\"><strong>Zaboravite na ru\u010dno paljenje i gase svjetla! BY31-03040 \u0107e automatski brinuti o va\u0161em osvjetljenju, pru\u017eaju\u0107i vam ugodnost, sigurnost i zna\u010dajne u\u0161tede energije. Naru\u010dite svoj danas i do\u017eivite novu eru automatskog osvjetljenja!<\/strong><\/p>\n","protected":false},"excerpt":{"rendered":"<p>BY31-03040 nije samo senzor &#8211; to je va\u0161 pouzdan partner u stvaranju ugodnog i bezbjednog ambijenta! Ovaj robustni senzor automatski prilago\u0111ava osvjetljenje prema danu i no\u0107i, pru\u017eaju\u0107i vam optimalnu rasvijetljenost i zna\u010dajne u\u0161tede na ra\u010dunima za struju.<\/p>\n","protected":false},"featured_media":15730,"template":"","meta":[],"product_brand":[148],"product_cat":[156],"product_tag":[],"class_list":{"0":"post-15727","1":"product","2":"type-product","3":"status-publish","4":"has-post-thumbnail","6":"product_brand-brayton","7":"product_cat-elektro-materijali","10":"first","11":"instock","12":"shipping-taxable","13":"purchasable","14":"product-type-simple"},"_links":{"self":[{"href":"https:\/\/aera.ba\/index.php?rest_route=\/wp\/v2\/product\/15727","targetHints":{"allow":["GET"]}}],"collection":[{"href":"https:\/\/aera.ba\/index.php?rest_route=\/wp\/v2\/product"}],"about":[{"href":"https:\/\/aera.ba\/index.php?rest_route=\/wp\/v2\/types\/product"}],"wp:featuredmedia":[{"embeddable":true,"href":"https:\/\/aera.ba\/index.php?rest_route=\/wp\/v2\/media\/15730"}],"wp:attachment":[{"href":"https:\/\/aera.ba\/index.php?rest_route=%2Fwp%2Fv2%2Fmedia&parent=15727"}],"wp:term":[{"taxonomy":"product_brand","embeddable":true,"href":"https:\/\/aera.ba\/index.php?rest_route=%2Fwp%2Fv2%2Fproduct_brand&post=15727"},{"taxonomy":"product_cat","embeddable":true,"href":"https:\/\/aera.ba\/index.php?rest_route=%2Fwp%2Fv2%2Fproduct_cat&post=15727"},{"taxonomy":"product_tag","embeddable":true,"href":"https:\/\/aera.ba\/index.php?rest_route=%2Fwp%2Fv2%2Fproduct_tag&post=15727"}],"curies":[{"name":"wp","href":"https:\/\/api.w.org\/{rel}","templated":true}]}}