{"id":15723,"date":"2024-01-11T15:23:26","date_gmt":"2024-01-11T15:23:26","guid":{"rendered":"https:\/\/aera.ba\/?post_type=product&#038;p=15723"},"modified":"2024-01-11T15:25:42","modified_gmt":"2024-01-11T15:25:42","slug":"bry-ps01-6a-ip44-sensor","status":"publish","type":"product","link":"https:\/\/aera.ba\/?product=bry-ps01-6a-ip44-sensor","title":{"rendered":"BRY-PS01-6A-IP44-SENSOR"},"content":{"rendered":"<p data-sourcepos=\"5:1-5:22\"><strong>Klju\u010dne prednosti:<\/strong><\/p>\n<ul data-sourcepos=\"7:1-8:67\">\n<li data-sourcepos=\"7:1-7:150\"><strong>Automatsko svjetlo:<\/strong>\u00a0Svijetlo \u0107e se automatski uklju\u010diti kad dan pre\u0111e u mrak i isklju\u010diti kad zora osvane,\u00a0\u010duvaju\u0107i va\u0161e o\u010di i ra\u010dune za struju.<\/li>\n<li data-sourcepos=\"8:1-8:67\"><strong>Prilago\u0111eno svjetlo:<\/strong>\u00a0Senzor detektuje nivo svjetla od 2 do 100 luksa,\u00a0omogu\u0107avaju\u0107i vam da odaberete idealno osvjetljenje za svaki trenutak.<\/li>\n<li data-sourcepos=\"9:1-9:161\"><strong>Izdr\u017eljiv i pouzdan:<\/strong>\u00a0Sa robustnom konstrukcijom i IP44 rejtngom,\u00a0ovaj senzor je otporan na vremenske nepogode i idealan za vanjske terase,\u00a0ulaze ili ba\u0161te.<\/li>\n<li data-sourcepos=\"10:1-10:116\"><strong>Univerzalna primjena:<\/strong>\u00a0Spoji se sa svjetlima maksimalne snage do 1000W,\u00a0\u0161to ga \u010dini savr\u0161enim za razne namjene.<\/li>\n<li data-sourcepos=\"11:1-12:0\"><strong>Estetski dizajn:<\/strong>\u00a0Kompaktan i diskretan dizajn sa kombinacijom bijele i plave boje se uklapa u svaki ambijent.<\/li>\n<\/ul>\n<p data-sourcepos=\"13:1-13:26\"><strong>Ostale karakteristike:<\/strong><\/p>\n<ul data-sourcepos=\"15:1-17:1\">\n<li data-sourcepos=\"15:1-15:67\">Jednostavna monta\u017ea sa \u0161irokim kompatibilnim naponom od 220-240V.<\/li>\n<li data-sourcepos=\"16:1-16:38\">Duga \u017eivotnost garantovana 2 godine.<\/li>\n<li data-sourcepos=\"17:1-17:1\">Sigurnost zahvaljuju\u0107i Class II za\u0161titi.<\/li>\n<\/ul>\n","protected":false},"excerpt":{"rendered":"<p>Predstavljamo BY31-03010, inovativni senzor koji automatski prilago\u0111ava osvjetljenje prema danu i no\u0107i! Zaboravite na \u010desto paljenje i gase svjetla &#8211; ovaj pametni pomo\u0107nik \u0107e to uraditi za vas, pru\u017eaju\u0107i ugodno ambijentno svjetlo i u\u0161tedu energije.<\/p>\n","protected":false},"featured_media":15724,"template":"","meta":[],"product_brand":[148],"product_cat":[156],"product_tag":[],"class_list":{"0":"post-15723","1":"product","2":"type-product","3":"status-publish","4":"has-post-thumbnail","6":"product_brand-brayton","7":"product_cat-elektro-materijali","10":"first","11":"instock","12":"shipping-taxable","13":"purchasable","14":"product-type-simple"},"_links":{"self":[{"href":"https:\/\/aera.ba\/index.php?rest_route=\/wp\/v2\/product\/15723","targetHints":{"allow":["GET"]}}],"collection":[{"href":"https:\/\/aera.ba\/index.php?rest_route=\/wp\/v2\/product"}],"about":[{"href":"https:\/\/aera.ba\/index.php?rest_route=\/wp\/v2\/types\/product"}],"wp:featuredmedia":[{"embeddable":true,"href":"https:\/\/aera.ba\/index.php?rest_route=\/wp\/v2\/media\/15724"}],"wp:attachment":[{"href":"https:\/\/aera.ba\/index.php?rest_route=%2Fwp%2Fv2%2Fmedia&parent=15723"}],"wp:term":[{"taxonomy":"product_brand","embeddable":true,"href":"https:\/\/aera.ba\/index.php?rest_route=%2Fwp%2Fv2%2Fproduct_brand&post=15723"},{"taxonomy":"product_cat","embeddable":true,"href":"https:\/\/aera.ba\/index.php?rest_route=%2Fwp%2Fv2%2Fproduct_cat&post=15723"},{"taxonomy":"product_tag","embeddable":true,"href":"https:\/\/aera.ba\/index.php?rest_route=%2Fwp%2Fv2%2Fproduct_tag&post=15723"}],"curies":[{"name":"wp","href":"https:\/\/api.w.org\/{rel}","templated":true}]}}