{"id":15709,"date":"2024-01-11T14:28:56","date_gmt":"2024-01-11T14:28:56","guid":{"rendered":"https:\/\/aera.ba\/?post_type=product&#038;p=15709"},"modified":"2024-01-11T14:31:58","modified_gmt":"2024-01-11T14:31:58","slug":"bry-ms03-180-max-800w-ip44-motion-sensor","status":"publish","type":"product","link":"https:\/\/aera.ba\/?product=bry-ms03-180-max-800w-ip44-motion-sensor","title":{"rendered":"BRY-MS03-180-MAX 800W-IP44-MOTION SENSOR"},"content":{"rendered":"<p data-sourcepos=\"19:1-19:27\"><strong>Tehni\u010dke specifikacije:<\/strong><\/p>\n<ul data-sourcepos=\"21:1-33:8\">\n<li data-sourcepos=\"21:1-21:19\">Model:\u00a0BY31-01010<\/li>\n<li data-sourcepos=\"22:1-22:22\">Tip:\u00a0Senzor kretanja<\/li>\n<li data-sourcepos=\"23:1-23:14\">Boja:\u00a0Bijela<\/li>\n<li data-sourcepos=\"24:1-24:21\">Garancija:\u00a02 godine<\/li>\n<li data-sourcepos=\"25:1-25:17\">Klasa:\u00a0Class II<\/li>\n<li data-sourcepos=\"26:1-26:10\">IP:\u00a0IP20<\/li>\n<li data-sourcepos=\"27:1-27:24\">Maksimalna snaga:\u00a0800W<\/li>\n<li data-sourcepos=\"28:1-28:17\">Napon:\u00a0220-240V<\/li>\n<li data-sourcepos=\"29:1-29:15\">Materijal:\u00a0PC<\/li>\n<li data-sourcepos=\"30:1-30:34\">Radna temperatura:\u00a0-20\u00b0C do 40\u00b0C<\/li>\n<li data-sourcepos=\"31:1-31:23\">Frekvencija:\u00a050-60 Hz<\/li>\n<li data-sourcepos=\"32:1-32:16\">Pre\u010dnik:\u00a095 mm<\/li>\n<li data-sourcepos=\"33:1-33:8\">Visina:\u00a025 mm<\/li>\n<li data-sourcepos=\"34:1-34:15\">Te\u017eina:\u00a080 gr<\/li>\n<li data-sourcepos=\"35:1-35:25\">Du\u017eina pakovanja:\u00a068 mm<\/li>\n<li data-sourcepos=\"36:1-36:23\">Tip senzora:\u00a0Kretanje<\/li>\n<li data-sourcepos=\"37:1-37:27\">Domet detekcije:\u00a08 metara<\/li>\n<li data-sourcepos=\"38:1-38:30\">Brzina detekcije:\u00a00,6-1,5m\/s<\/li>\n<li data-sourcepos=\"39:1-39:22\">Ugao detekcije:\u00a0360\u00b0<\/li>\n<li data-sourcepos=\"40:1-40:32\">Visina monta\u017ee:\u00a01,5-3,5 metara<\/li>\n<li data-sourcepos=\"41:1-41:40\">Vreme ka\u0161njenja:\u00a05 sekundi do 5 minuta<\/li>\n<li data-sourcepos=\"42:1-42:18\">Luks:\u00a05-2000 lux<\/li>\n<li data-sourcepos=\"46:1-46:26\">Du\u017eina pakovanja:\u00a0520 mm<\/li>\n<li data-sourcepos=\"47:1-47:26\">\u0160irina pakovanja:\u00a0220 mm<\/li>\n<li data-sourcepos=\"48:1-49:0\">Visina pakovanja:\u00a0220 mm<\/li>\n<\/ul>\n","protected":false},"excerpt":{"rendered":"<p>Tra\u017eite na\u010din da u\u0161tedite energiju i u\u017eivate u automatskom osvetljenju? Onda vam predstavljamo senzor BY31-01010! Ovaj pametni dodatak va\u0161em domu \u0107e vam automatski uklju\u010diti svjetlo kad god vam zatreba, i isklju\u010diti ga kada vi\u0161e nije potrebno, \u010dine\u0107i va\u0161 \u017eivot lak\u0161im i u\u0161tediv\u0161i novac na ra\u010dunima za struju.<\/p>\n","protected":false},"featured_media":15716,"template":"","meta":[],"product_brand":[148],"product_cat":[156],"product_tag":[],"class_list":{"0":"post-15709","1":"product","2":"type-product","3":"status-publish","4":"has-post-thumbnail","6":"product_brand-brayton","7":"product_cat-elektro-materijali","10":"first","11":"instock","12":"shipping-taxable","13":"purchasable","14":"product-type-simple"},"_links":{"self":[{"href":"https:\/\/aera.ba\/index.php?rest_route=\/wp\/v2\/product\/15709","targetHints":{"allow":["GET"]}}],"collection":[{"href":"https:\/\/aera.ba\/index.php?rest_route=\/wp\/v2\/product"}],"about":[{"href":"https:\/\/aera.ba\/index.php?rest_route=\/wp\/v2\/types\/product"}],"wp:featuredmedia":[{"embeddable":true,"href":"https:\/\/aera.ba\/index.php?rest_route=\/wp\/v2\/media\/15716"}],"wp:attachment":[{"href":"https:\/\/aera.ba\/index.php?rest_route=%2Fwp%2Fv2%2Fmedia&parent=15709"}],"wp:term":[{"taxonomy":"product_brand","embeddable":true,"href":"https:\/\/aera.ba\/index.php?rest_route=%2Fwp%2Fv2%2Fproduct_brand&post=15709"},{"taxonomy":"product_cat","embeddable":true,"href":"https:\/\/aera.ba\/index.php?rest_route=%2Fwp%2Fv2%2Fproduct_cat&post=15709"},{"taxonomy":"product_tag","embeddable":true,"href":"https:\/\/aera.ba\/index.php?rest_route=%2Fwp%2Fv2%2Fproduct_tag&post=15709"}],"curies":[{"name":"wp","href":"https:\/\/api.w.org\/{rel}","templated":true}]}}