{"id":15708,"date":"2024-01-11T14:28:56","date_gmt":"2024-01-11T14:28:56","guid":{"rendered":"https:\/\/aera.ba\/?post_type=product&#038;p=15708"},"modified":"2024-01-11T15:23:22","modified_gmt":"2024-01-11T15:23:22","slug":"bry-ms04-360-max-800w-ip20-motion-sensor","status":"publish","type":"product","link":"https:\/\/aera.ba\/?product=bry-ms04-360-max-800w-ip20-motion-sensor","title":{"rendered":"BRY-MS04-360-MAX 800W-IP20-MOTION SENSOR"},"content":{"rendered":"<p data-sourcepos=\"5:1-5:27\"><strong>Klju\u010dne karakteristike:<\/strong><\/p>\n<ul data-sourcepos=\"7:1-8:4\">\n<li data-sourcepos=\"7:1-7:17\">Klasa:\u00a0Klasa II<\/li>\n<li data-sourcepos=\"8:1-8:4\">IP ocjena:\u00a0IP20<\/li>\n<li data-sourcepos=\"9:1-9:15\">Materijal:\u00a0PC<\/li>\n<li data-sourcepos=\"10:1-10:34\">Radna temperatura:\u00a0-20\u00b0C do 40\u00b0C<\/li>\n<li data-sourcepos=\"11:1-11:23\">Frekvencija:\u00a050-60 Hz<\/li>\n<li data-sourcepos=\"12:1-12:24\">Maksimalni teret:\u00a0800W<\/li>\n<li data-sourcepos=\"13:1-13:23\">Tip senzora:\u00a0Pokretni<\/li>\n<li data-sourcepos=\"14:1-14:27\">Domet detekcije:\u00a06 metara<\/li>\n<li data-sourcepos=\"15:1-15:31\">Brzina detekcije:\u00a00,6-1,5 m\/s<\/li>\n<li data-sourcepos=\"16:1-16:32\">Visina monta\u017ee:\u00a01,5-3,5 metara<\/li>\n<\/ul>\n","protected":false},"excerpt":{"rendered":"<p>BY31-01040 senzor kretanja pru\u017ea pouzdano i prakti\u010dno rje\u0161enje za automatsku kontrolu osvjetljenja u raznim zatvorenim prostorima. Njegov kompaktan dizajn, \u0161iroki domet detekcije i podesive postavke pru\u017eaju fleksibilnost i efikasnost, \u010dine\u0107i ga vrijednim sredstvom za pobolj\u0161anje komfora i smanjenje tro\u0161kova energije.<\/p>\n","protected":false},"featured_media":15722,"template":"","meta":[],"product_brand":[148],"product_cat":[156],"product_tag":[],"class_list":{"0":"post-15708","1":"product","2":"type-product","3":"status-publish","4":"has-post-thumbnail","6":"product_brand-brayton","7":"product_cat-elektro-materijali","10":"first","11":"instock","12":"shipping-taxable","13":"purchasable","14":"product-type-simple"},"_links":{"self":[{"href":"https:\/\/aera.ba\/index.php?rest_route=\/wp\/v2\/product\/15708","targetHints":{"allow":["GET"]}}],"collection":[{"href":"https:\/\/aera.ba\/index.php?rest_route=\/wp\/v2\/product"}],"about":[{"href":"https:\/\/aera.ba\/index.php?rest_route=\/wp\/v2\/types\/product"}],"wp:featuredmedia":[{"embeddable":true,"href":"https:\/\/aera.ba\/index.php?rest_route=\/wp\/v2\/media\/15722"}],"wp:attachment":[{"href":"https:\/\/aera.ba\/index.php?rest_route=%2Fwp%2Fv2%2Fmedia&parent=15708"}],"wp:term":[{"taxonomy":"product_brand","embeddable":true,"href":"https:\/\/aera.ba\/index.php?rest_route=%2Fwp%2Fv2%2Fproduct_brand&post=15708"},{"taxonomy":"product_cat","embeddable":true,"href":"https:\/\/aera.ba\/index.php?rest_route=%2Fwp%2Fv2%2Fproduct_cat&post=15708"},{"taxonomy":"product_tag","embeddable":true,"href":"https:\/\/aera.ba\/index.php?rest_route=%2Fwp%2Fv2%2Fproduct_tag&post=15708"}],"curies":[{"name":"wp","href":"https:\/\/api.w.org\/{rel}","templated":true}]}}