{"id":15694,"date":"2024-01-11T14:21:56","date_gmt":"2024-01-11T14:21:56","guid":{"rendered":"https:\/\/aera.ba\/?post_type=product&#038;p=15694"},"modified":"2024-01-12T10:46:17","modified_gmt":"2024-01-12T10:46:17","slug":"bry-advance-6w-e27-st64-amb-2200k-led-bulb","status":"publish","type":"product","link":"https:\/\/aera.ba\/?product=bry-advance-6w-e27-st64-amb-2200k-led-bulb","title":{"rendered":"BRY-ADVANCE-6W-E27-ST64-AMB-2200K-LED BULB"},"content":{"rendered":"<p data-sourcepos=\"19:1-19:27\"><strong>Tehni\u010dke specifikacije:<\/strong><\/p>\n<ul data-sourcepos=\"21:1-35:32\">\n<li data-sourcepos=\"21:1-21:19\">Model:\u00a0BB46-00620<\/li>\n<li data-sourcepos=\"22:1-22:11\">Tip:\u00a0ST64<\/li>\n<li data-sourcepos=\"23:1-23:34\">Rasipanje svjetlosti:\u00a0Nedirektno<\/li>\n<li data-sourcepos=\"24:1-24:26\">Dizabiranje:\u00a0Nije mogu\u0107e<\/li>\n<li data-sourcepos=\"25:1-25:20\">Izvor svjetla:\u00a0LED<\/li>\n<li data-sourcepos=\"26:1-26:11\">Grlo:\u00a0E27<\/li>\n<li data-sourcepos=\"27:1-27:21\">Garancija:\u00a02 godine<\/li>\n<li data-sourcepos=\"28:1-28:17\">Klasa:\u00a0Class II<\/li>\n<li data-sourcepos=\"29:1-29:10\">IP:\u00a0IP20<\/li>\n<li data-sourcepos=\"30:1-30:11\">Snaga:\u00a06W<\/li>\n<li data-sourcepos=\"31:1-31:25\">Temperatura boje:\u00a02200K<\/li>\n<li data-sourcepos=\"32:1-32:16\">Lumena:\u00a0540 lm<\/li>\n<li data-sourcepos=\"33:1-33:10\">CRI:\u00a0&gt;80<\/li>\n<li data-sourcepos=\"34:1-34:32\">Nivo energetske efikasnosti:\u00a0F<\/li>\n<li data-sourcepos=\"35:1-35:32\">Ugao rasipanja svetlosti:\u00a0360\u00b0<\/li>\n<li data-sourcepos=\"36:1-36:19\">Ekvivalentno:\u00a045W<\/li>\n<li data-sourcepos=\"37:1-37:24\">Kategorija boje:\u00a0Amber<\/li>\n<li data-sourcepos=\"38:1-38:23\">Vek trajanja:\u00a015000 h<\/li>\n<li data-sourcepos=\"39:1-39:17\">Napon:\u00a0220-220V<\/li>\n<li data-sourcepos=\"40:1-40:20\">Faktor snage:\u00a0&gt;0,5<\/li>\n<li data-sourcepos=\"41:1-41:18\">Materijal:\u00a0Glass<\/li>\n<li data-sourcepos=\"42:1-42:34\">Radna temperatura:\u00a0-20\u00b0C do 40\u00b0C<\/li>\n<li data-sourcepos=\"43:1-43:16\">Pre\u010dnik:\u00a064 mm<\/li>\n<li data-sourcepos=\"44:1-44:16\">Visina:\u00a0143 mm<\/li>\n<li data-sourcepos=\"45:1-45:15\">Te\u017eina:\u00a044 gr<\/li>\n<\/ul>\n<p>Probudite nostalgicnu magiju i u\u017eivajte u ugo\u0111aju i efikasnosti sa LED sijalicom BB46-00620. Naru\u010dite svoj vintage sjaj danas i osvijetlite dom toplim ambarom!<\/p>\n","protected":false},"excerpt":{"rendered":"<h2 class=\"\" data-sourcepos=\"1:1-1:72\">Do\u017eivite nostalgi\u010dan sjaj: LED sijalica BB46-00620 za vintage ugo\u0111aj!<\/h2>\n<p data-sourcepos=\"3:1-3:35\">Kao da ste iz koraka u\u0161li u pro\u0161lo, ali sa modernom LED efikasno\u0161\u0107u! LED sijalica BB46-00620 vam donosi nostalgi\u010dni \u0161arm retro filamenta u obliku ST64 i toplim ambarom od 2200K, savr\u0161enim za stvaranje ugodne atmosfere u va\u0161em domu.<\/p>\n","protected":false},"featured_media":15695,"template":"","meta":[],"product_brand":[148],"product_cat":[147,115],"product_tag":[],"class_list":{"0":"post-15694","1":"product","2":"type-product","3":"status-publish","4":"has-post-thumbnail","6":"product_brand-brayton","7":"product_cat-najprodavanije","8":"product_cat-sijalice-i-led-cijevi","11":"first","12":"instock","13":"shipping-taxable","14":"purchasable","15":"product-type-simple"},"_links":{"self":[{"href":"https:\/\/aera.ba\/index.php?rest_route=\/wp\/v2\/product\/15694","targetHints":{"allow":["GET"]}}],"collection":[{"href":"https:\/\/aera.ba\/index.php?rest_route=\/wp\/v2\/product"}],"about":[{"href":"https:\/\/aera.ba\/index.php?rest_route=\/wp\/v2\/types\/product"}],"wp:featuredmedia":[{"embeddable":true,"href":"https:\/\/aera.ba\/index.php?rest_route=\/wp\/v2\/media\/15695"}],"wp:attachment":[{"href":"https:\/\/aera.ba\/index.php?rest_route=%2Fwp%2Fv2%2Fmedia&parent=15694"}],"wp:term":[{"taxonomy":"product_brand","embeddable":true,"href":"https:\/\/aera.ba\/index.php?rest_route=%2Fwp%2Fv2%2Fproduct_brand&post=15694"},{"taxonomy":"product_cat","embeddable":true,"href":"https:\/\/aera.ba\/index.php?rest_route=%2Fwp%2Fv2%2Fproduct_cat&post=15694"},{"taxonomy":"product_tag","embeddable":true,"href":"https:\/\/aera.ba\/index.php?rest_route=%2Fwp%2Fv2%2Fproduct_tag&post=15694"}],"curies":[{"name":"wp","href":"https:\/\/api.w.org\/{rel}","templated":true}]}}