{"id":15686,"date":"2024-01-11T14:16:17","date_gmt":"2024-01-11T14:16:17","guid":{"rendered":"https:\/\/aera.ba\/?post_type=product&#038;p=15686"},"modified":"2024-01-11T14:21:51","modified_gmt":"2024-01-11T14:21:51","slug":"bry-advance-5w-g9-360d-220v-3000k-led-bulb","status":"publish","type":"product","link":"https:\/\/aera.ba\/?product=bry-advance-5w-g9-360d-220v-3000k-led-bulb","title":{"rendered":"BRY-ADVANCE-5W-G9-360D-220V-3000K-LED BULB"},"content":{"rendered":"<p data-sourcepos=\"19:1-19:27\"><strong>Tehni\u010dke specifikacije:<\/strong><\/p>\n<ul data-sourcepos=\"21:1-31:19\">\n<li data-sourcepos=\"21:1-21:19\">Model:\u00a0BA29-00590<\/li>\n<li data-sourcepos=\"22:1-22:9\">Tip:\u00a0G9<\/li>\n<li data-sourcepos=\"23:1-23:31\">Rasipanje svjetla:\u00a0Nedirektno<\/li>\n<li data-sourcepos=\"24:1-24:26\">Dizabiranje:\u00a0Nije mogu\u0107e<\/li>\n<li data-sourcepos=\"25:1-25:20\">Izvor svjetla:\u00a0LED<\/li>\n<li data-sourcepos=\"26:1-26:10\">Grlo:\u00a0G9<\/li>\n<li data-sourcepos=\"27:1-27:21\">Garancija:\u00a02 godine<\/li>\n<li data-sourcepos=\"28:1-28:17\">Klasa:\u00a0Class II<\/li>\n<li data-sourcepos=\"29:1-29:10\">IP:\u00a0IP20<\/li>\n<li data-sourcepos=\"30:1-30:11\">Snaga:\u00a05W<\/li>\n<li data-sourcepos=\"31:1-31:19\">Temperatura boje:\u00a03000K<\/li>\n<li data-sourcepos=\"32:1-32:16\">Lumena:\u00a0430 lm<\/li>\n<li data-sourcepos=\"33:1-33:10\">CRI:\u00a0&gt;80<\/li>\n<li data-sourcepos=\"34:1-34:32\">Nivo energetske efikasnosti:\u00a0F<\/li>\n<li data-sourcepos=\"35:1-35:32\">Ugao rasipanja svetlosti:\u00a0240\u00b0<\/li>\n<li data-sourcepos=\"36:1-36:17\">Ekvivalent:\u00a045W<\/li>\n<li data-sourcepos=\"37:1-37:31\">Kategorija boje:\u00a0Toplo bijela<\/li>\n<li data-sourcepos=\"38:1-38:23\">Vek trajanja:\u00a015000 h<\/li>\n<li data-sourcepos=\"39:1-39:17\">Napon:\u00a0220-240V<\/li>\n<li data-sourcepos=\"40:1-40:23\">Faktor snage:\u00a0&lt;0,5<\/li>\n<li data-sourcepos=\"41:1-41:15\">Materijal:\u00a0PC<\/li>\n<li data-sourcepos=\"42:1-42:34\">Radna temperatura:\u00a0-20\u00b0C do 40\u00b0C<\/li>\n<li data-sourcepos=\"43:1-43:16\">Pre\u010dnik:\u00a016 mm<\/li>\n<li data-sourcepos=\"44:1-44:15\">Visina:\u00a049 mm<\/li>\n<li data-sourcepos=\"45:1-45:17\">Te\u017eina:\u00a011,5 gr<\/li>\n<\/ul>\n","protected":false},"excerpt":{"rendered":"<p data-sourcepos=\"3:1-3:264\">\u017delite da dodate toplinu i ugo\u0111aj svom prostoru bez gubljenja na modernoj LED tehnologiji? Onda vam predstavljamo LED sijalicu BA29-00590! Sa elegantim kapsulastom dizajnom i toplim bijelom temperaturom boje od 3000K, ova sijalica stvara savr\u0161enu atmosferu za ve\u010dernje okupljanje, romanti\u010dnu ve\u010deru ili jednostavno u\u017eivavanje u ugodnom ambijentu<\/p>\n","protected":false},"featured_media":15691,"template":"","meta":[],"product_brand":[148],"product_cat":[115],"product_tag":[],"class_list":{"0":"post-15686","1":"product","2":"type-product","3":"status-publish","4":"has-post-thumbnail","6":"product_brand-brayton","7":"product_cat-sijalice-i-led-cijevi","10":"first","11":"instock","12":"shipping-taxable","13":"purchasable","14":"product-type-simple"},"_links":{"self":[{"href":"https:\/\/aera.ba\/index.php?rest_route=\/wp\/v2\/product\/15686","targetHints":{"allow":["GET"]}}],"collection":[{"href":"https:\/\/aera.ba\/index.php?rest_route=\/wp\/v2\/product"}],"about":[{"href":"https:\/\/aera.ba\/index.php?rest_route=\/wp\/v2\/types\/product"}],"wp:featuredmedia":[{"embeddable":true,"href":"https:\/\/aera.ba\/index.php?rest_route=\/wp\/v2\/media\/15691"}],"wp:attachment":[{"href":"https:\/\/aera.ba\/index.php?rest_route=%2Fwp%2Fv2%2Fmedia&parent=15686"}],"wp:term":[{"taxonomy":"product_brand","embeddable":true,"href":"https:\/\/aera.ba\/index.php?rest_route=%2Fwp%2Fv2%2Fproduct_brand&post=15686"},{"taxonomy":"product_cat","embeddable":true,"href":"https:\/\/aera.ba\/index.php?rest_route=%2Fwp%2Fv2%2Fproduct_cat&post=15686"},{"taxonomy":"product_tag","embeddable":true,"href":"https:\/\/aera.ba\/index.php?rest_route=%2Fwp%2Fv2%2Fproduct_tag&post=15686"}],"curies":[{"name":"wp","href":"https:\/\/api.w.org\/{rel}","templated":true}]}}