{"id":15681,"date":"2024-01-11T14:13:15","date_gmt":"2024-01-11T14:13:15","guid":{"rendered":"https:\/\/aera.ba\/?post_type=product&#038;p=15681"},"modified":"2024-01-11T14:19:10","modified_gmt":"2024-01-11T14:19:10","slug":"bry-advance-5w-gu10-110d-4000k-led-bulb","status":"publish","type":"product","link":"https:\/\/aera.ba\/?product=bry-advance-5w-gu10-110d-4000k-led-bulb","title":{"rendered":"BRY-ADVANCE-5W-GU10-110D-4000K-LED BULB"},"content":{"rendered":"<p data-sourcepos=\"18:1-18:27\"><strong>Tehni\u010dke specifikacije:<\/strong><\/p>\n<ul data-sourcepos=\"20:1-37:23\">\n<li data-sourcepos=\"20:1-20:19\">Model:\u00a0BA24-00551<\/li>\n<li data-sourcepos=\"21:1-21:11\">Tip:\u00a0GU10<\/li>\n<li data-sourcepos=\"22:1-22:31\">Rasipanje svjetla:\u00a0Nedirektno<\/li>\n<li data-sourcepos=\"23:1-23:26\">Dizabiranje:\u00a0Nije mogu\u0107e<\/li>\n<li data-sourcepos=\"24:1-24:20\">Izvor svjetla:\u00a0LED<\/li>\n<li data-sourcepos=\"25:1-25:12\">Grlo:\u00a0GU10<\/li>\n<li data-sourcepos=\"26:1-26:21\">Garancija:\u00a02 godine<\/li>\n<li data-sourcepos=\"27:1-27:17\">Klasa:\u00a0Class II<\/li>\n<li data-sourcepos=\"28:1-28:10\">IP:\u00a0IP20<\/li>\n<li data-sourcepos=\"29:1-29:11\">Snaga:\u00a05W<\/li>\n<li data-sourcepos=\"30:1-30:25\">Temperatura boje:\u00a04000K<\/li>\n<li data-sourcepos=\"31:1-31:16\">Lumena:\u00a0430 lm<\/li>\n<li data-sourcepos=\"32:1-32:10\">CRI:\u00a0&gt;80<\/li>\n<li data-sourcepos=\"33:1-33:26\">Energetska efikasnost:\u00a0F<\/li>\n<li data-sourcepos=\"34:1-34:32\">Ugao rasipanja svetlosti:\u00a0110\u00b0<\/li>\n<li data-sourcepos=\"35:1-35:17\">Ekvivalent:\u00a050W<\/li>\n<li data-sourcepos=\"36:1-36:24\">Boja:\u00a0Neutralno bijela<\/li>\n<li data-sourcepos=\"37:1-37:23\">Vek trajanja:\u00a015000 h<\/li>\n<li data-sourcepos=\"38:1-38:17\">Napon:\u00a0220-240V<\/li>\n<li data-sourcepos=\"39:1-39:20\">Faktor snage:\u00a0&gt;0,5<\/li>\n<li data-sourcepos=\"40:1-40:16\">Materijal:\u00a0PBT<\/li>\n<li data-sourcepos=\"41:1-41:34\">Radna temperatura:\u00a0-20\u00b0C do 40\u00b0C<\/li>\n<li data-sourcepos=\"42:1-42:16\">Pre\u010dnik:\u00a050 mm<\/li>\n<li data-sourcepos=\"43:1-43:15\">Visina:\u00a056 mm<\/li>\n<li data-sourcepos=\"44:1-44:15\">Te\u017eina:\u00a025 gr<\/li>\n<li data-sourcepos=\"45:1-45:21\">Neto te\u017eina:\u00a02,5 kg<\/li>\n<li data-sourcepos=\"46:1-46:22\">Bruto te\u017eina:\u00a03,7 kg<\/li>\n<\/ul>\n","protected":false},"excerpt":{"rendered":"<p data-sourcepos=\"3:1-3:264\">Tra\u017eite LED zamjenu za halogenske sijalice GU10 koja \u0107e obasjati va\u0161e kuhinje, radne prostorije ili vitrine sjajnim akcentom bez gubljenja kvaliteta i tro\u0161enja energije? Pogledajte LED sijalicu BA24-00551! Sa samo 5W snage i sjajem ekvivalentnom 50W halogenoj sijalici, ova mala LED \u010dini veliku razliku!<\/p>\n","protected":false},"featured_media":15682,"template":"","meta":[],"product_brand":[148],"product_cat":[115],"product_tag":[],"class_list":{"0":"post-15681","1":"product","2":"type-product","3":"status-publish","4":"has-post-thumbnail","6":"product_brand-brayton","7":"product_cat-sijalice-i-led-cijevi","10":"first","11":"instock","12":"shipping-taxable","13":"purchasable","14":"product-type-simple"},"_links":{"self":[{"href":"https:\/\/aera.ba\/index.php?rest_route=\/wp\/v2\/product\/15681","targetHints":{"allow":["GET"]}}],"collection":[{"href":"https:\/\/aera.ba\/index.php?rest_route=\/wp\/v2\/product"}],"about":[{"href":"https:\/\/aera.ba\/index.php?rest_route=\/wp\/v2\/types\/product"}],"wp:featuredmedia":[{"embeddable":true,"href":"https:\/\/aera.ba\/index.php?rest_route=\/wp\/v2\/media\/15682"}],"wp:attachment":[{"href":"https:\/\/aera.ba\/index.php?rest_route=%2Fwp%2Fv2%2Fmedia&parent=15681"}],"wp:term":[{"taxonomy":"product_brand","embeddable":true,"href":"https:\/\/aera.ba\/index.php?rest_route=%2Fwp%2Fv2%2Fproduct_brand&post=15681"},{"taxonomy":"product_cat","embeddable":true,"href":"https:\/\/aera.ba\/index.php?rest_route=%2Fwp%2Fv2%2Fproduct_cat&post=15681"},{"taxonomy":"product_tag","embeddable":true,"href":"https:\/\/aera.ba\/index.php?rest_route=%2Fwp%2Fv2%2Fproduct_tag&post=15681"}],"curies":[{"name":"wp","href":"https:\/\/api.w.org\/{rel}","templated":true}]}}