{"id":15677,"date":"2024-01-11T14:10:07","date_gmt":"2024-01-11T14:10:07","guid":{"rendered":"https:\/\/aera.ba\/?post_type=product&#038;p=15677"},"modified":"2024-01-11T14:19:33","modified_gmt":"2024-01-11T14:19:33","slug":"bry-advance-11w-e27-a60-4000k-led-bulb","status":"publish","type":"product","link":"https:\/\/aera.ba\/?product=bry-advance-11w-e27-a60-4000k-led-bulb","title":{"rendered":"BRY-ADVANCE-11W-E27-A60-4000K-LED BULB"},"content":{"rendered":"<p data-sourcepos=\"19:1-19:27\"><strong>Tehni\u010dke specifikacije:<\/strong><\/p>\n<ul data-sourcepos=\"21:1-32:14\">\n<li data-sourcepos=\"21:1-21:19\">Model:\u00a0BA13-01121<\/li>\n<li data-sourcepos=\"22:1-22:12\">Oblik:\u00a0A60<\/li>\n<li data-sourcepos=\"23:1-23:31\">Rasipanje svjetla:\u00a0Nedirektno<\/li>\n<li data-sourcepos=\"24:1-24:26\">Dizabiranje:\u00a0Nije mogu\u0107e<\/li>\n<li data-sourcepos=\"25:1-25:20\">Izvor svjetla:\u00a0LED<\/li>\n<li data-sourcepos=\"26:1-26:11\">Grlo:\u00a0E27<\/li>\n<li data-sourcepos=\"27:1-27:21\">Garancija:\u00a02 godine<\/li>\n<li data-sourcepos=\"28:1-28:17\">Klasa:\u00a0Class II<\/li>\n<li data-sourcepos=\"29:1-29:10\">IP:\u00a0IP20<\/li>\n<li data-sourcepos=\"30:1-30:12\">Snaga:\u00a011W<\/li>\n<li data-sourcepos=\"31:1-31:25\">Temperatura boje:\u00a04000K<\/li>\n<li data-sourcepos=\"32:1-32:14\">Lumena:\u00a01055 lm<\/li>\n<li data-sourcepos=\"33:1-33:10\">CRI:\u00a0&gt;80<\/li>\n<li data-sourcepos=\"34:1-34:26\">Energetska efikasnost:\u00a0F<\/li>\n<li data-sourcepos=\"35:1-35:30\">Ugao rasipanja svjetla:\u00a0180\u00b0<\/li>\n<li data-sourcepos=\"36:1-36:17\">Ekvivalent:\u00a075W<\/li>\n<li data-sourcepos=\"37:1-37:24\">Boja:\u00a0Neutralno bijela<\/li>\n<li data-sourcepos=\"38:1-38:23\">Vek trajanja:\u00a015000 h<\/li>\n<li data-sourcepos=\"39:1-39:17\">Napon:\u00a0220-240V<\/li>\n<li data-sourcepos=\"40:1-40:20\">Faktor snage:\u00a0&gt;0,5<\/li>\n<li data-sourcepos=\"41:1-41:16\">Materijal:\u00a0PBT<\/li>\n<li data-sourcepos=\"42:1-42:34\">Radna temperatura:\u00a0-20\u00b0C do 40\u00b0C<\/li>\n<li data-sourcepos=\"43:1-43:16\">Pre\u010dnik:\u00a060 mm<\/li>\n<li data-sourcepos=\"44:1-44:16\">Visina:\u00a0109 mm<\/li>\n<li data-sourcepos=\"45:1-45:15\">Te\u017eina:\u00a028 gr<\/li>\n<\/ul>\n<p>Zaboravite na skupe ra\u010dune za struju i \u017eute sijalice! Privedite prirodno svjetlo i zna\u010dajne u\u0161tede energije u va\u0161 dom uz LED sijalicu BA13-01121. Naru\u010dite svoj paket danas i u\u017eivajte u ugodnom ambijentu i dugoj \u017eivotnosti!<\/p>\n","protected":false},"excerpt":{"rendered":"<p data-sourcepos=\"3:1-3:264\">Tra\u017eite savr\u0161enu LED zamjenu za klasi\u010dne 75W sijalice koje \u0107e obasjati va\u0161 dom prirodnim svjetlom i u\u0161tediti vam novac? Pogledajte LED sijalicu BA13-01121 u klasi\u010dnom A60 formatu sa predivnom 4000K neutralno bijelom temperaturom boje. Ona vam nudi sjaj i ugo\u0111aj bez ijednog kompromisa na efikasnosti i kvalitetu svjetla!<\/p>\n","protected":false},"featured_media":15676,"template":"","meta":[],"product_brand":[148],"product_cat":[115],"product_tag":[],"class_list":{"0":"post-15677","1":"product","2":"type-product","3":"status-publish","4":"has-post-thumbnail","6":"product_brand-brayton","7":"product_cat-sijalice-i-led-cijevi","10":"first","11":"instock","12":"shipping-taxable","13":"purchasable","14":"product-type-simple"},"_links":{"self":[{"href":"https:\/\/aera.ba\/index.php?rest_route=\/wp\/v2\/product\/15677","targetHints":{"allow":["GET"]}}],"collection":[{"href":"https:\/\/aera.ba\/index.php?rest_route=\/wp\/v2\/product"}],"about":[{"href":"https:\/\/aera.ba\/index.php?rest_route=\/wp\/v2\/types\/product"}],"wp:featuredmedia":[{"embeddable":true,"href":"https:\/\/aera.ba\/index.php?rest_route=\/wp\/v2\/media\/15676"}],"wp:attachment":[{"href":"https:\/\/aera.ba\/index.php?rest_route=%2Fwp%2Fv2%2Fmedia&parent=15677"}],"wp:term":[{"taxonomy":"product_brand","embeddable":true,"href":"https:\/\/aera.ba\/index.php?rest_route=%2Fwp%2Fv2%2Fproduct_brand&post=15677"},{"taxonomy":"product_cat","embeddable":true,"href":"https:\/\/aera.ba\/index.php?rest_route=%2Fwp%2Fv2%2Fproduct_cat&post=15677"},{"taxonomy":"product_tag","embeddable":true,"href":"https:\/\/aera.ba\/index.php?rest_route=%2Fwp%2Fv2%2Fproduct_tag&post=15677"}],"curies":[{"name":"wp","href":"https:\/\/api.w.org\/{rel}","templated":true}]}}