{"id":15667,"date":"2024-01-11T14:03:45","date_gmt":"2024-01-11T14:03:45","guid":{"rendered":"https:\/\/aera.ba\/?post_type=product&#038;p=15667"},"modified":"2024-01-11T14:19:50","modified_gmt":"2024-01-11T14:19:50","slug":"bry-rc01-1m-48vdc-27-6x52-5-blc-mag-rail","status":"publish","type":"product","link":"https:\/\/aera.ba\/?product=bry-rc01-1m-48vdc-27-6x52-5-blc-mag-rail","title":{"rendered":"BRY-RC01-1M-48VDC-27.6\u00d752.5-BLC-MAG.RAIL"},"content":{"rendered":"<p data-sourcepos=\"19:1-19:27\"><strong>Tehni\u010dke specifikacije:<\/strong><\/p>\n<ul>\n<li data-sourcepos=\"21:1-21:13\">Model:\u00a0BY41-00111<\/li>\n<li data-sourcepos=\"22:1-22:12\">Boja:\u00a0Crna<\/li>\n<li data-sourcepos=\"23:1-23:14\">Napon:\u00a048VDC<\/li>\n<li data-sourcepos=\"24:1-24:22\">Materijal:\u00a0Aluminium<\/li>\n<li data-sourcepos=\"25:1-25:34\">Radna temperatura:\u00a0-20\u00b0C do 40\u00b0C<\/li>\n<li data-sourcepos=\"26:1-26:39\">Dimenzije pakovanja:\u00a01000&#215;64,5&#215;47,5mm<\/li>\n<li data-sourcepos=\"27:1-27:16\">Du\u017eina:\u00a01030mm<\/li>\n<li data-sourcepos=\"28:1-28:15\">\u0160irina:\u00a0255mm<\/li>\n<li data-sourcepos=\"29:1-29:14\">Visina:\u00a070mm<\/li>\n<\/ul>\n<p>&nbsp;<\/p>\n<p>Otvori vrata beskrajnim rasvjetnim mogu\u0107nostima sa magnetnom stazom BY41-00111! Naru\u010dite svoj primjerak danas i pustite da kreativnost preuzme komandu nad va\u0161om rasvjetom!<\/p>\n","protected":false},"excerpt":{"rendered":"<p data-sourcepos=\"3:1-3:264\">\u017delite da eksperimenti\u0161ete sa rasvjetom i dodate moderno-industrijski duh svom prostoru? Pogledajte magnetnu stazu BY41-00111 u elegantnoj crnoj boji! Ova inovativna tra\u010dnica pru\u017ea vam fleksibilnost i kreativnu slobodu da dizajnirate rasvjetu po va\u0161oj mjeri, bez kompliciranih kablova i vijaka.<\/p>\n","protected":false},"featured_media":15670,"template":"","meta":[],"product_brand":[148],"product_cat":[102],"product_tag":[],"class_list":{"0":"post-15667","1":"product","2":"type-product","3":"status-publish","4":"has-post-thumbnail","6":"product_brand-brayton","7":"product_cat-sinska-rasvjeta","10":"first","11":"instock","12":"shipping-taxable","13":"purchasable","14":"product-type-simple"},"_links":{"self":[{"href":"https:\/\/aera.ba\/index.php?rest_route=\/wp\/v2\/product\/15667","targetHints":{"allow":["GET"]}}],"collection":[{"href":"https:\/\/aera.ba\/index.php?rest_route=\/wp\/v2\/product"}],"about":[{"href":"https:\/\/aera.ba\/index.php?rest_route=\/wp\/v2\/types\/product"}],"wp:featuredmedia":[{"embeddable":true,"href":"https:\/\/aera.ba\/index.php?rest_route=\/wp\/v2\/media\/15670"}],"wp:attachment":[{"href":"https:\/\/aera.ba\/index.php?rest_route=%2Fwp%2Fv2%2Fmedia&parent=15667"}],"wp:term":[{"taxonomy":"product_brand","embeddable":true,"href":"https:\/\/aera.ba\/index.php?rest_route=%2Fwp%2Fv2%2Fproduct_brand&post=15667"},{"taxonomy":"product_cat","embeddable":true,"href":"https:\/\/aera.ba\/index.php?rest_route=%2Fwp%2Fv2%2Fproduct_cat&post=15667"},{"taxonomy":"product_tag","embeddable":true,"href":"https:\/\/aera.ba\/index.php?rest_route=%2Fwp%2Fv2%2Fproduct_tag&post=15667"}],"curies":[{"name":"wp","href":"https:\/\/api.w.org\/{rel}","templated":true}]}}