{"id":15661,"date":"2024-01-11T13:58:08","date_gmt":"2024-01-11T13:58:08","guid":{"rendered":"https:\/\/aera.ba\/?post_type=product&#038;p=15661"},"modified":"2024-01-11T14:20:07","modified_gmt":"2024-01-11T14:20:07","slug":"bry-1m-4wrs-blc-track-rail-2","status":"publish","type":"product","link":"https:\/\/aera.ba\/?product=bry-1m-4wrs-blc-track-rail-2","title":{"rendered":"BRY-1M-4WRS-BLC-TRACK RAIL"},"content":{"rendered":"<p data-sourcepos=\"19:1-19:27\"><strong>Tehni\u010dke specifikacije:<\/strong><\/p>\n<ul data-sourcepos=\"21:1-31:14\">\n<li data-sourcepos=\"21:1-21:19\">Model:\u00a0BY40-00211<\/li>\n<li data-sourcepos=\"22:1-22:12\">Boja:\u00a0Crna<\/li>\n<li data-sourcepos=\"23:1-23:14\">Grlo:\u00a04 \u017eice<\/li>\n<li data-sourcepos=\"24:1-24:17\">Napon:\u00a0220-240V<\/li>\n<li data-sourcepos=\"25:1-25:22\">Materijal:\u00a0Aluminium<\/li>\n<li data-sourcepos=\"26:1-26:34\">Radna temperatura:\u00a0-20\u00b0C do 40\u00b0C<\/li>\n<li data-sourcepos=\"27:1-27:23\">Frekvencija:\u00a050-60 Hz<\/li>\n<li data-sourcepos=\"28:1-28:35\">Dimenzije pakovanja:\u00a01005x32x36mm<\/li>\n<li data-sourcepos=\"29:1-29:16\">Du\u017eina:\u00a01025mm<\/li>\n<li data-sourcepos=\"30:1-30:15\">\u0160irina:\u00a0180mm<\/li>\n<li data-sourcepos=\"31:1-31:14\">Visina:\u00a085mm<\/li>\n<\/ul>\n","protected":false},"excerpt":{"rendered":"<p data-sourcepos=\"3:1-3:264\">Tra\u017eite savr\u0161eno rje\u0161enje za modernu i dinami\u010dnu rasvjetu? Pogledajte tra\u010dnicu BY40-00211 u sofisticiranoj crnoj boji! Ova robustna tra\u010dnica sa \u010detiri \u017ei\u010dna priklju\u010dka pru\u017ea vam maksimalnu fleksibilnost i napredne rasvjetne opcije, savr\u0161ene za trgovine, galerije, izlo\u017ebene prostore i moderne domov<\/p>\n","protected":false},"featured_media":15652,"template":"","meta":[],"product_brand":[],"product_cat":[102],"product_tag":[],"class_list":{"0":"post-15661","1":"product","2":"type-product","3":"status-publish","4":"has-post-thumbnail","6":"product_cat-sinska-rasvjeta","9":"first","10":"instock","11":"shipping-taxable","12":"purchasable","13":"product-type-simple"},"_links":{"self":[{"href":"https:\/\/aera.ba\/index.php?rest_route=\/wp\/v2\/product\/15661","targetHints":{"allow":["GET"]}}],"collection":[{"href":"https:\/\/aera.ba\/index.php?rest_route=\/wp\/v2\/product"}],"about":[{"href":"https:\/\/aera.ba\/index.php?rest_route=\/wp\/v2\/types\/product"}],"wp:featuredmedia":[{"embeddable":true,"href":"https:\/\/aera.ba\/index.php?rest_route=\/wp\/v2\/media\/15652"}],"wp:attachment":[{"href":"https:\/\/aera.ba\/index.php?rest_route=%2Fwp%2Fv2%2Fmedia&parent=15661"}],"wp:term":[{"taxonomy":"product_brand","embeddable":true,"href":"https:\/\/aera.ba\/index.php?rest_route=%2Fwp%2Fv2%2Fproduct_brand&post=15661"},{"taxonomy":"product_cat","embeddable":true,"href":"https:\/\/aera.ba\/index.php?rest_route=%2Fwp%2Fv2%2Fproduct_cat&post=15661"},{"taxonomy":"product_tag","embeddable":true,"href":"https:\/\/aera.ba\/index.php?rest_route=%2Fwp%2Fv2%2Fproduct_tag&post=15661"}],"curies":[{"name":"wp","href":"https:\/\/api.w.org\/{rel}","templated":true}]}}