{"id":15646,"date":"2024-01-11T13:48:38","date_gmt":"2024-01-11T13:48:38","guid":{"rendered":"https:\/\/aera.ba\/?post_type=product&#038;p=15646"},"modified":"2024-01-11T14:20:23","modified_gmt":"2024-01-11T14:20:23","slug":"bry-1m-2wrs-blc-track-rail","status":"publish","type":"product","link":"https:\/\/aera.ba\/?product=bry-1m-2wrs-blc-track-rail","title":{"rendered":"BRY-1M-2WRS-BLC-TRACK RAIL"},"content":{"rendered":"<p data-sourcepos=\"19:1-19:27\"><strong>Tehni\u010dke specifikacije:<\/strong><\/p>\n<ul data-sourcepos=\"21:1-35:0\">\n<li data-sourcepos=\"21:1-21:19\">Model:\u00a0BY40-00111<\/li>\n<li data-sourcepos=\"22:1-22:12\">Boja:\u00a0Crna<\/li>\n<li data-sourcepos=\"23:1-23:14\">Grlo:\u00a02 \u017eice<\/li>\n<li data-sourcepos=\"24:1-24:17\">Napon:\u00a0220-240V<\/li>\n<li data-sourcepos=\"25:1-25:22\">Materijal:\u00a0Aluminium<\/li>\n<li data-sourcepos=\"26:1-26:34\">Radna temperatura:\u00a0-20\u00b0C do 40\u00b0C<\/li>\n<li data-sourcepos=\"27:1-27:23\">Frekvencija:\u00a050-60 Hz<\/li>\n<li data-sourcepos=\"28:1-28:35\">Dimenzije pakovanja:\u00a01000x34x20mm<\/li>\n<li data-sourcepos=\"29:1-29:16\">Du\u017eina:\u00a01200mm<\/li>\n<li data-sourcepos=\"30:1-30:15\">\u0160irina:\u00a0200mm<\/li>\n<li data-sourcepos=\"31:1-31:14\">Visina:\u00a095mm<\/li>\n<\/ul>\n","protected":false},"excerpt":{"rendered":"<p>Tra\u010dnica BY40-00111 pru\u017ea vam fleksibilnost i stil u kreiranju idealne rasvjete za trgovine, galerije, izlo\u017ebene prostore i moderne domove. Ova crna tra\u010dnica sa dva \u017ei\u010dna priklju\u010dka omogu\u0107ava vam da lako montiraate rasvjetne ta\u010dke i pendele po va\u0161em \u017eeljenom redosledu i rastojanju, stvaraju\u0107i jedinstvenu atmosferu za svaku priliku.<\/p>\n","protected":false},"featured_media":15647,"template":"","meta":[],"product_brand":[148],"product_cat":[102],"product_tag":[],"class_list":{"0":"post-15646","1":"product","2":"type-product","3":"status-publish","4":"has-post-thumbnail","6":"product_brand-brayton","7":"product_cat-sinska-rasvjeta","10":"first","11":"instock","12":"shipping-taxable","13":"purchasable","14":"product-type-simple"},"_links":{"self":[{"href":"https:\/\/aera.ba\/index.php?rest_route=\/wp\/v2\/product\/15646","targetHints":{"allow":["GET"]}}],"collection":[{"href":"https:\/\/aera.ba\/index.php?rest_route=\/wp\/v2\/product"}],"about":[{"href":"https:\/\/aera.ba\/index.php?rest_route=\/wp\/v2\/types\/product"}],"wp:featuredmedia":[{"embeddable":true,"href":"https:\/\/aera.ba\/index.php?rest_route=\/wp\/v2\/media\/15647"}],"wp:attachment":[{"href":"https:\/\/aera.ba\/index.php?rest_route=%2Fwp%2Fv2%2Fmedia&parent=15646"}],"wp:term":[{"taxonomy":"product_brand","embeddable":true,"href":"https:\/\/aera.ba\/index.php?rest_route=%2Fwp%2Fv2%2Fproduct_brand&post=15646"},{"taxonomy":"product_cat","embeddable":true,"href":"https:\/\/aera.ba\/index.php?rest_route=%2Fwp%2Fv2%2Fproduct_cat&post=15646"},{"taxonomy":"product_tag","embeddable":true,"href":"https:\/\/aera.ba\/index.php?rest_route=%2Fwp%2Fv2%2Fproduct_tag&post=15646"}],"curies":[{"name":"wp","href":"https:\/\/api.w.org\/{rel}","templated":true}]}}