{"id":15625,"date":"2024-01-11T13:08:51","date_gmt":"2024-01-11T13:08:51","guid":{"rendered":"https:\/\/aera.ba\/?post_type=product&#038;p=15625"},"modified":"2024-01-11T14:21:06","modified_gmt":"2024-01-11T14:21:06","slug":"bry-solaris-w1-wht-3w-6500k-ip54-solar-wall-light","status":"publish","type":"product","link":"https:\/\/aera.ba\/?product=bry-solaris-w1-wht-3w-6500k-ip54-solar-wall-light","title":{"rendered":"BRY-SOLARIS-W1-WHT-3W-6500K-IP54-SOLAR WALL LIGHT"},"content":{"rendered":"<p data-sourcepos=\"19:1-19:27\"><strong>Tehni\u010dke specifikacije:<\/strong><\/p>\n<ul data-sourcepos=\"21:1-28:61\">\n<li data-sourcepos=\"21:1-21:19\">Model:\u00a0BG36-00130<\/li>\n<li data-sourcepos=\"22:1-22:14\">Boja:\u00a0Bijela<\/li>\n<li data-sourcepos=\"23:1-23:20\">Izvor svjetla:\u00a0LED<\/li>\n<li data-sourcepos=\"24:1-24:41\">Temperatura boje:\u00a06500K (hladno bijela)<\/li>\n<li data-sourcepos=\"25:1-25:16\">Lumena:\u00a0240 lm<\/li>\n<li data-sourcepos=\"26:1-26:33\">Ugao rasipanja svjetlosti:\u00a0120\u00b0<\/li>\n<li data-sourcepos=\"27:1-27:32\">Indeks prikaza boje (CRI):\u00a0&gt;80<\/li>\n<li data-sourcepos=\"28:1-28:61\">Senzor pokreta:\u00a0Domet 1-5m,\u00a0ugao 120\u00b0,\u00a0ka\u0161njenje 30 sekundi<\/li>\n<li data-sourcepos=\"29:1-29:28\">Solarni panel:\u00a05,5V,\u00a0100mA<\/li>\n<li data-sourcepos=\"30:1-30:31\">Baterija:\u00a03.7V 1200mAh Li-ion<\/li>\n<li data-sourcepos=\"31:1-31:45\">Vreme punjenja:\u00a012-15 sati (direktno sunce)<\/li>\n<li data-sourcepos=\"32:1-32:24\">Radno vrijeme:\u00a010 sati<\/li>\n<li data-sourcepos=\"33:1-33:16\">Materijal:\u00a0ABS<\/li>\n<li data-sourcepos=\"34:1-34:34\">Radna temperatura:\u00a0-20\u00b0C do 40\u00b0C<\/li>\n<li data-sourcepos=\"35:1-35:17\">IP rejtng:\u00a0IP54<\/li>\n<li data-sourcepos=\"36:1-36:44\">Garancija:\u00a02 godine (1 godina za bateriju)<\/li>\n<li data-sourcepos=\"37:1-37:36\">Dimenzije pakovanja:\u00a0450x445x285mm<\/li>\n<\/ul>\n<p data-sourcepos=\"42:1-42:178\">Zamenite mrak za funkcionalnu i bezbri\u017enu rasvjetu sa solarnom zidnom lampicom BG36-00130. Naru\u010dite svoju danas i u\u017eivajte u urednom i osvijetljenom dvori\u0161tu bez tro\u0161enja struje!<\/p>\n","protected":false},"excerpt":{"rendered":"<p>Osvjetlite svoje dvori\u0161te ili terasu bez upletenih kablova i ra\u010duna za struju! Solarna zidna lampica BG36-00130 pru\u017ea diskretno i funkcionalno osvijetljenje idealno za stepenice, ulaze, dvori\u0161ne zidove i druge mjesta gdje vam treba malo dodatnog svjetla. Njen jednostavan dizajn i hladno bijela svjetlost savr\u0161eno se uklapaju u svaki ambijent.<\/p>\n","protected":false},"featured_media":15631,"template":"","meta":[],"product_brand":[148],"product_cat":[88],"product_tag":[],"class_list":{"0":"post-15625","1":"product","2":"type-product","3":"status-publish","4":"has-post-thumbnail","6":"product_brand-brayton","7":"product_cat-solarna-rasvjeta","10":"first","11":"instock","12":"shipping-taxable","13":"purchasable","14":"product-type-simple"},"_links":{"self":[{"href":"https:\/\/aera.ba\/index.php?rest_route=\/wp\/v2\/product\/15625","targetHints":{"allow":["GET"]}}],"collection":[{"href":"https:\/\/aera.ba\/index.php?rest_route=\/wp\/v2\/product"}],"about":[{"href":"https:\/\/aera.ba\/index.php?rest_route=\/wp\/v2\/types\/product"}],"wp:featuredmedia":[{"embeddable":true,"href":"https:\/\/aera.ba\/index.php?rest_route=\/wp\/v2\/media\/15631"}],"wp:attachment":[{"href":"https:\/\/aera.ba\/index.php?rest_route=%2Fwp%2Fv2%2Fmedia&parent=15625"}],"wp:term":[{"taxonomy":"product_brand","embeddable":true,"href":"https:\/\/aera.ba\/index.php?rest_route=%2Fwp%2Fv2%2Fproduct_brand&post=15625"},{"taxonomy":"product_cat","embeddable":true,"href":"https:\/\/aera.ba\/index.php?rest_route=%2Fwp%2Fv2%2Fproduct_cat&post=15625"},{"taxonomy":"product_tag","embeddable":true,"href":"https:\/\/aera.ba\/index.php?rest_route=%2Fwp%2Fv2%2Fproduct_tag&post=15625"}],"curies":[{"name":"wp","href":"https:\/\/api.w.org\/{rel}","templated":true}]}}