{"id":15619,"date":"2024-01-11T13:04:49","date_gmt":"2024-01-11T13:04:49","guid":{"rendered":"https:\/\/aera.ba\/?post_type=product&#038;p=15619"},"modified":"2024-01-11T13:08:32","modified_gmt":"2024-01-11T13:08:32","slug":"bry-solaris-w2-blc-12w-4000k-ip54-solar-wall-light","status":"publish","type":"product","link":"https:\/\/aera.ba\/?product=bry-solaris-w2-blc-12w-4000k-ip54-solar-wall-light","title":{"rendered":"BRY-SOLARIS-W2-BLC-12W-4000K-IP54-SOLAR WALL LIGHT"},"content":{"rendered":"<p data-sourcepos=\"25:1-25:27\"><strong>Tehni\u010dke specifikacije:<\/strong><\/p>\n<ul data-sourcepos=\"27:1-32:1\">\n<li data-sourcepos=\"27:1-27:19\">Model:\u00a0BG36-00211<\/li>\n<li data-sourcepos=\"28:1-28:12\">Boja:\u00a0Crna<\/li>\n<li data-sourcepos=\"29:1-29:24\">Izvor svjetla:\u00a015W LED<\/li>\n<li data-sourcepos=\"30:1-30:44\">Temperatura boje:\u00a04000K (neutralno bijela)<\/li>\n<li data-sourcepos=\"31:1-31:17\">Lumena:\u00a01500 lm<\/li>\n<li data-sourcepos=\"32:1-32:1\">Ugao rasipanja svjetlosti:\u00a0120\u00b0<\/li>\n<li data-sourcepos=\"33:1-33:60\">Senzor pokreta:\u00a0Domet 1-10m,\u00a0ugao 160\u00b0,\u00a0ka\u0161njenje 10s-1min<\/li>\n<li data-sourcepos=\"34:1-34:28\">Solarni panel:\u00a05,5V,\u00a0600mA<\/li>\n<li data-sourcepos=\"35:1-35:31\">Baterija:\u00a03.7V 4000mAh Li-ion<\/li>\n<li data-sourcepos=\"36:1-36:43\">Vreme punjenja:\u00a07-8 sati (direktno sunce)<\/li>\n<li data-sourcepos=\"37:1-37:56\">Radno vrijeme:\u00a02h (puno svjetlo) &#8211; 18h (no\u0107no svjetlo)<\/li>\n<li data-sourcepos=\"38:1-38:17\">IP rejtng:\u00a0IP54<\/li>\n<li data-sourcepos=\"39:1-39:16\">Materijal:\u00a0ABS<\/li>\n<li data-sourcepos=\"40:1-40:34\">Radna temperatura:\u00a0-20\u00b0C do 40\u00b0C<\/li>\n<li data-sourcepos=\"41:1-42:0\">Garancija:\u00a02 godine (1 godina za bateriju)<\/li>\n<\/ul>\n<p data-sourcepos=\"43:1-43:138\"><strong>Solarnu zidnu lampu BG36-00211 mo\u017eete naru\u010diti danas i po\u010deli u\u017eivati u bezbri\u017enoj rasvjeti va\u0161eg vrta i dvori\u0161ta bez tro\u0161enja struje!<\/strong><\/p>\n","protected":false},"excerpt":{"rendered":"<p><strong>U\u017eivajte u sjaju va\u0161eg vrta i dvori\u0161ta bez tro\u0161enja struje i komplikacija sa instalacijom!<\/strong> Solarna zidna lampa BG36-00211 je savr\u0161eno rje\u0161enje za automatsko osvjetljenje pergoli, staza, zidova i drugih vanjskih prostora. Ova moderna lampa pru\u017ea sna\u017eno svjetlo i bezbri\u017enu no\u0107nu rasvjetu koja \u0107e vas odu\u0161evljiti.<\/p>\n","protected":false},"featured_media":15624,"template":"","meta":[],"product_brand":[148],"product_cat":[88],"product_tag":[],"class_list":{"0":"post-15619","1":"product","2":"type-product","3":"status-publish","4":"has-post-thumbnail","6":"product_brand-brayton","7":"product_cat-solarna-rasvjeta","10":"first","11":"instock","12":"shipping-taxable","13":"purchasable","14":"product-type-simple"},"_links":{"self":[{"href":"https:\/\/aera.ba\/index.php?rest_route=\/wp\/v2\/product\/15619","targetHints":{"allow":["GET"]}}],"collection":[{"href":"https:\/\/aera.ba\/index.php?rest_route=\/wp\/v2\/product"}],"about":[{"href":"https:\/\/aera.ba\/index.php?rest_route=\/wp\/v2\/types\/product"}],"wp:featuredmedia":[{"embeddable":true,"href":"https:\/\/aera.ba\/index.php?rest_route=\/wp\/v2\/media\/15624"}],"wp:attachment":[{"href":"https:\/\/aera.ba\/index.php?rest_route=%2Fwp%2Fv2%2Fmedia&parent=15619"}],"wp:term":[{"taxonomy":"product_brand","embeddable":true,"href":"https:\/\/aera.ba\/index.php?rest_route=%2Fwp%2Fv2%2Fproduct_brand&post=15619"},{"taxonomy":"product_cat","embeddable":true,"href":"https:\/\/aera.ba\/index.php?rest_route=%2Fwp%2Fv2%2Fproduct_cat&post=15619"},{"taxonomy":"product_tag","embeddable":true,"href":"https:\/\/aera.ba\/index.php?rest_route=%2Fwp%2Fv2%2Fproduct_tag&post=15619"}],"curies":[{"name":"wp","href":"https:\/\/api.w.org\/{rel}","templated":true}]}}