{"id":15589,"date":"2024-01-11T10:40:16","date_gmt":"2024-01-11T10:40:16","guid":{"rendered":"https:\/\/aera.ba\/?post_type=product&#038;p=15589"},"modified":"2024-01-11T10:42:31","modified_gmt":"2024-01-11T10:42:31","slug":"bry-nela-pd1-rnd-blc-60w-rmt-ip20-ceiling-light","status":"publish","type":"product","link":"https:\/\/aera.ba\/?product=bry-nela-pd1-rnd-blc-60w-rmt-ip20-ceiling-light","title":{"rendered":"BRY-NELA-PD1-RND-BLC-60W-RMT-IP20-CEILING LIGHT"},"content":{"rendered":"<p data-sourcepos=\"19:1-19:18\"><strong>Specifikacije:<\/strong><\/p>\n<ul data-sourcepos=\"21:1-31:58\">\n<li data-sourcepos=\"21:1-21:19\">Model:\u00a0BH17-04191<\/li>\n<li data-sourcepos=\"22:1-22:12\">Boja:\u00a0Crna<\/li>\n<li data-sourcepos=\"23:1-23:20\">Izvor svjetla:\u00a0LED<\/li>\n<li data-sourcepos=\"24:1-24:51\">Temperatura boje:\u00a03IN1 (topla,\u00a0neutralna,\u00a0hladna)<\/li>\n<li data-sourcepos=\"25:1-25:17\">Lumena:\u00a06050 lm<\/li>\n<li data-sourcepos=\"26:1-26:10\">CRI:\u00a0&gt;80<\/li>\n<li data-sourcepos=\"27:1-27:32\">Nivo energetske efikasnosti:\u00a0F<\/li>\n<li data-sourcepos=\"28:1-28:21\">Materijal:\u00a0Aluminij<\/li>\n<li data-sourcepos=\"29:1-29:43\">IP rejting:\u00a0IP20 (za unutra\u0161nju upotrebu)<\/li>\n<li data-sourcepos=\"30:1-30:21\">Garancija:\u00a02 godine<\/li>\n<li data-sourcepos=\"31:1-31:58\"><strong>Dimenzije:<\/strong>\u00a0Du\u017eina:\u00a0635 mm,\u00a0\u0160irina:\u00a0540 mm,\u00a0Visina:\u00a0290 mm<\/li>\n<\/ul>\n<p data-sourcepos=\"33:1-33:188\"><strong>Pove\u0107ajte dramati\u010dnost i funkcionalnost svog enterijera sa pendel lustrom Nela BH17-04191. Naru\u010dite svoj komad sjaja danas i u\u017eivajte u prilagodljivoj rasvjeti koja \u0107e vas odu\u0161evljiti!<\/strong><\/p>\n","protected":false},"excerpt":{"rendered":"<p>Nela BH17-04191 nije samo ljutster, ve\u0107 izrazito umjetni\u010dko djelo koje lebdi iznad va\u0161eg glava. Njegova mat crna boja i o\u0161tre linije dodaju dramati\u010dnost svakom enterijeru, dok prilagodljiva 3-u-1 LED svjetlost (topla, neutralna, hladna) obavija prostor u ugodnu atmosferu.<\/p>\n","protected":false},"featured_media":15590,"template":"","meta":[],"product_brand":[],"product_cat":[120],"product_tag":[],"class_list":{"0":"post-15589","1":"product","2":"type-product","3":"status-publish","4":"has-post-thumbnail","6":"product_cat-dekorativna-rasvjeta","9":"first","10":"instock","11":"shipping-taxable","12":"purchasable","13":"product-type-simple"},"_links":{"self":[{"href":"https:\/\/aera.ba\/index.php?rest_route=\/wp\/v2\/product\/15589","targetHints":{"allow":["GET"]}}],"collection":[{"href":"https:\/\/aera.ba\/index.php?rest_route=\/wp\/v2\/product"}],"about":[{"href":"https:\/\/aera.ba\/index.php?rest_route=\/wp\/v2\/types\/product"}],"wp:featuredmedia":[{"embeddable":true,"href":"https:\/\/aera.ba\/index.php?rest_route=\/wp\/v2\/media\/15590"}],"wp:attachment":[{"href":"https:\/\/aera.ba\/index.php?rest_route=%2Fwp%2Fv2%2Fmedia&parent=15589"}],"wp:term":[{"taxonomy":"product_brand","embeddable":true,"href":"https:\/\/aera.ba\/index.php?rest_route=%2Fwp%2Fv2%2Fproduct_brand&post=15589"},{"taxonomy":"product_cat","embeddable":true,"href":"https:\/\/aera.ba\/index.php?rest_route=%2Fwp%2Fv2%2Fproduct_cat&post=15589"},{"taxonomy":"product_tag","embeddable":true,"href":"https:\/\/aera.ba\/index.php?rest_route=%2Fwp%2Fv2%2Fproduct_tag&post=15589"}],"curies":[{"name":"wp","href":"https:\/\/api.w.org\/{rel}","templated":true}]}}