{"id":15550,"date":"2024-01-11T10:14:39","date_gmt":"2024-01-11T10:14:39","guid":{"rendered":"https:\/\/aera.ba\/?post_type=product&#038;p=15550"},"modified":"2024-01-11T10:22:59","modified_gmt":"2024-01-11T10:22:59","slug":"bry-vekta-b-rnd-blc-3w-3000k-ip65-wall-light","status":"publish","type":"product","link":"https:\/\/aera.ba\/?product=bry-vekta-b-rnd-blc-3w-3000k-ip65-wall-light","title":{"rendered":"BRY-VEKTA-B-RND-BLC-3W-3000K-IP65-WALL LIGHT"},"content":{"rendered":"<p data-sourcepos=\"19:1-19:18\"><strong>Specifikacije:<\/strong><\/p>\n<ul data-sourcepos=\"21:1-32:4\">\n<li data-sourcepos=\"21:1-21:19\">Model:\u00a0BG38-02001<\/li>\n<li data-sourcepos=\"22:1-22:12\">Boja:\u00a0Crna<\/li>\n<li data-sourcepos=\"23:1-23:20\">Izvor svjetla:\u00a0LED<\/li>\n<li data-sourcepos=\"24:1-24:40\">Temperatura boje:\u00a03000K (toplo bijela)<\/li>\n<li data-sourcepos=\"25:1-25:16\">Lumena:\u00a0240 lm<\/li>\n<li data-sourcepos=\"26:1-26:10\">CRI:\u00a0&gt;80<\/li>\n<li data-sourcepos=\"27:1-27:32\">Nivo energetske efikasnosti:\u00a0G<\/li>\n<li data-sourcepos=\"28:1-28:33\">Ugao rasipanja svjetlosti:\u00a0120\u00b0<\/li>\n<li data-sourcepos=\"29:1-29:21\">Garancija:\u00a02 godine<\/li>\n<li data-sourcepos=\"30:1-30:15\">Materijal:\u00a0PC<\/li>\n<li data-sourcepos=\"31:1-31:18\">IP rejting:\u00a0IP65<\/li>\n<li data-sourcepos=\"32:1-32:4\">IK rejting:\u00a0IK06<\/li>\n<li data-sourcepos=\"33:1-33:19\">Dimenzije:\u00a0\u00d8110mm<\/li>\n<li data-sourcepos=\"34:1-35:0\">Te\u017eina:\u00a063 gr<\/li>\n<\/ul>\n<div class=\"accordion-body product-item show\"><\/div>\n","protected":false},"excerpt":{"rendered":"<p>Dajte svom dvori\u0161tu, terasi ili balkonu elegantan dodir sofisticirane minimalisti\u010dke rasvjete sa LED zidnom svjetiljkom BG38-02001. Ova sjajna crna svjetiljka pru\u017ea toplo bijelu svjetlost (3000K) i impresivnu izdr\u017eljivost (IP65) za bezbri\u017eno u\u017eivanje u sjaju.<\/p>\n","protected":false},"featured_media":15551,"template":"","meta":[],"product_brand":[148],"product_cat":[78],"product_tag":[],"class_list":{"0":"post-15550","1":"product","2":"type-product","3":"status-publish","4":"has-post-thumbnail","6":"product_brand-brayton","7":"product_cat-spoljasnja-rasvjeta","10":"first","11":"instock","12":"shipping-taxable","13":"purchasable","14":"product-type-simple"},"_links":{"self":[{"href":"https:\/\/aera.ba\/index.php?rest_route=\/wp\/v2\/product\/15550","targetHints":{"allow":["GET"]}}],"collection":[{"href":"https:\/\/aera.ba\/index.php?rest_route=\/wp\/v2\/product"}],"about":[{"href":"https:\/\/aera.ba\/index.php?rest_route=\/wp\/v2\/types\/product"}],"wp:featuredmedia":[{"embeddable":true,"href":"https:\/\/aera.ba\/index.php?rest_route=\/wp\/v2\/media\/15551"}],"wp:attachment":[{"href":"https:\/\/aera.ba\/index.php?rest_route=%2Fwp%2Fv2%2Fmedia&parent=15550"}],"wp:term":[{"taxonomy":"product_brand","embeddable":true,"href":"https:\/\/aera.ba\/index.php?rest_route=%2Fwp%2Fv2%2Fproduct_brand&post=15550"},{"taxonomy":"product_cat","embeddable":true,"href":"https:\/\/aera.ba\/index.php?rest_route=%2Fwp%2Fv2%2Fproduct_cat&post=15550"},{"taxonomy":"product_tag","embeddable":true,"href":"https:\/\/aera.ba\/index.php?rest_route=%2Fwp%2Fv2%2Fproduct_tag&post=15550"}],"curies":[{"name":"wp","href":"https:\/\/api.w.org\/{rel}","templated":true}]}}