{"id":15546,"date":"2024-01-11T10:02:13","date_gmt":"2024-01-11T10:02:13","guid":{"rendered":"https:\/\/aera.ba\/?post_type=product&#038;p=15546"},"modified":"2024-01-11T10:13:59","modified_gmt":"2024-01-11T10:13:59","slug":"bry-rita-t-wl-2-gry-2xgu10-ip44-wall-light","status":"publish","type":"product","link":"https:\/\/aera.ba\/?product=bry-rita-t-wl-2-gry-2xgu10-ip44-wall-light","title":{"rendered":"BRY-RITA-T-WL.2-GRY-2xGU10-IP44-WALL LIGHT"},"content":{"rendered":"<p data-sourcepos=\"19:1-19:18\"><strong>Specifikacije:<\/strong><\/p>\n<ul data-sourcepos=\"21:1-31:0\">\n<li data-sourcepos=\"21:1-21:22\">Materijal:\u00a0Aluminium<\/li>\n<li data-sourcepos=\"22:1-22:12\">Boja:\u00a0Siva<\/li>\n<li data-sourcepos=\"23:1-23:17\">IP ocjena:\u00a0IP44<\/li>\n<li data-sourcepos=\"24:1-24:17\">Napon:\u00a0220-240V<\/li>\n<li data-sourcepos=\"25:1-25:14\">Grlo:\u00a02xGU10<\/li>\n<li data-sourcepos=\"26:1-26:34\">Maksimalna snaga sijalice:\u00a02x35W<\/li>\n<li data-sourcepos=\"27:1-27:16\">Du\u017eina:\u00a0330 mm<\/li>\n<li data-sourcepos=\"28:1-28:16\">\u0160irina:\u00a0225 mm<\/li>\n<li data-sourcepos=\"29:1-29:16\">Visina:\u00a0325 mm<\/li>\n<li data-sourcepos=\"30:1-31:0\">Te\u017eina:\u00a0500 gr<\/li>\n<\/ul>\n<p data-sourcepos=\"32:1-32:28\"><strong>Informacije o pakovanju:<\/strong><\/p>\n<ul data-sourcepos=\"34:1-40:0\">\n<li data-sourcepos=\"34:1-34:19\">Neto te\u017eina:\u00a08 kg<\/li>\n<li data-sourcepos=\"35:1-35:22\">Bruto te\u017eina:\u00a08,8 kg<\/li>\n<li data-sourcepos=\"36:1-36:28\">Komada u kutiji:\u00a016 komada<\/li>\n<li data-sourcepos=\"37:1-37:16\">Du\u017eina:\u00a0330 mm<\/li>\n<li data-sourcepos=\"38:1-38:16\">\u0160irina:\u00a0225 mm<\/li>\n<li data-sourcepos=\"39:1-40:0\">Visina:\u00a0325 mm<\/li>\n<\/ul>\n","protected":false},"excerpt":{"rendered":"<p>Dvostruka zidna svjetiljka BG32-00422 nije samo prakti\u010dan dodatak va\u0161em vanjskom prostoru, ve\u0107 i estetski akcent. Njen sofisticirani dizajn u sivom aluminiju i otpornost na vlagu (IP44) \u010dine je savr\u0161enim izborom za svaku lokaciju.<\/p>\n","protected":false},"featured_media":15549,"template":"","meta":[],"product_brand":[148],"product_cat":[78],"product_tag":[],"class_list":{"0":"post-15546","1":"product","2":"type-product","3":"status-publish","4":"has-post-thumbnail","6":"product_brand-brayton","7":"product_cat-spoljasnja-rasvjeta","10":"first","11":"instock","12":"shipping-taxable","13":"purchasable","14":"product-type-simple"},"_links":{"self":[{"href":"https:\/\/aera.ba\/index.php?rest_route=\/wp\/v2\/product\/15546","targetHints":{"allow":["GET"]}}],"collection":[{"href":"https:\/\/aera.ba\/index.php?rest_route=\/wp\/v2\/product"}],"about":[{"href":"https:\/\/aera.ba\/index.php?rest_route=\/wp\/v2\/types\/product"}],"wp:featuredmedia":[{"embeddable":true,"href":"https:\/\/aera.ba\/index.php?rest_route=\/wp\/v2\/media\/15549"}],"wp:attachment":[{"href":"https:\/\/aera.ba\/index.php?rest_route=%2Fwp%2Fv2%2Fmedia&parent=15546"}],"wp:term":[{"taxonomy":"product_brand","embeddable":true,"href":"https:\/\/aera.ba\/index.php?rest_route=%2Fwp%2Fv2%2Fproduct_brand&post=15546"},{"taxonomy":"product_cat","embeddable":true,"href":"https:\/\/aera.ba\/index.php?rest_route=%2Fwp%2Fv2%2Fproduct_cat&post=15546"},{"taxonomy":"product_tag","embeddable":true,"href":"https:\/\/aera.ba\/index.php?rest_route=%2Fwp%2Fv2%2Fproduct_tag&post=15546"}],"curies":[{"name":"wp","href":"https:\/\/api.w.org\/{rel}","templated":true}]}}