{"id":15536,"date":"2024-01-11T09:54:20","date_gmt":"2024-01-11T09:54:20","guid":{"rendered":"https:\/\/aera.ba\/?post_type=product&#038;p=15536"},"modified":"2024-01-11T09:58:18","modified_gmt":"2024-01-11T09:58:18","slug":"bry-milano-500-1xe27-ip44-bollard","status":"publish","type":"product","link":"https:\/\/aera.ba\/?product=bry-milano-500-1xe27-ip44-bollard","title":{"rendered":"BRY-MILANO-500-1xE27-IP44-BOLLARD"},"content":{"rendered":"<p data-sourcepos=\"19:1-19:2\"><strong>Specifikacije:<\/strong><\/p>\n<ul data-sourcepos=\"21:1-31:0\">\n<li data-sourcepos=\"21:1-21:22\">Materijal:\u00a0Aluminium<\/li>\n<li data-sourcepos=\"22:1-22:12\">Boja:\u00a0Siva<\/li>\n<li data-sourcepos=\"23:1-23:17\">IP ocjena:\u00a0IP44<\/li>\n<li data-sourcepos=\"24:1-24:17\">IK ocjena:\u00a0IK08<\/li>\n<li data-sourcepos=\"25:1-25:17\">Napon:\u00a0220-240V<\/li>\n<li data-sourcepos=\"26:1-26:13\">Grlo:\u00a01xE27<\/li>\n<li data-sourcepos=\"27:1-27:32\">Maksimalna snaga sijalice:\u00a023W<\/li>\n<li data-sourcepos=\"28:1-28:16\">Pre\u010dnik:\u00a090 mm<\/li>\n<li data-sourcepos=\"29:1-29:16\">Visina:\u00a0500 mm<\/li>\n<li data-sourcepos=\"30:1-31:0\">Te\u017eina:\u00a01050 gr<\/li>\n<\/ul>\n<p data-sourcepos=\"32:1-32:28\"><strong>Informacije o pakovanju:<\/strong><\/p>\n<ul data-sourcepos=\"34:1-40:0\">\n<li data-sourcepos=\"34:1-34:22\">Neto te\u017eina:\u00a09,45 kg<\/li>\n<li data-sourcepos=\"35:1-35:24\">Bruto te\u017eina:\u00a011,15 kg<\/li>\n<li data-sourcepos=\"36:1-36:27\">Komada u kutiji:\u00a09 komada<\/li>\n<li data-sourcepos=\"37:1-37:16\">Du\u017eina:\u00a0530 mm<\/li>\n<li data-sourcepos=\"38:1-38:16\">\u0160irina:\u00a0320 mm<\/li>\n<li data-sourcepos=\"39:1-40:0\">Visina:\u00a0320 mm<\/li>\n<\/ul>\n","protected":false},"excerpt":{"rendered":"<p>Bollard BG43-04202 nije samo izvor svjetla, ve\u0107 i izdr\u017eljiv dodatak va\u0161em vanjskom prostoru. Njegova visoka konstrukcija od sivog aluminija i otpornost na udare (IK8) i vlagu (IP44) garantiraju dugotrajnu upotrebu u svim vremenskim uslovima.<\/p>\n","protected":false},"featured_media":15537,"template":"","meta":[],"product_brand":[148],"product_cat":[78],"product_tag":[],"class_list":{"0":"post-15536","1":"product","2":"type-product","3":"status-publish","4":"has-post-thumbnail","6":"product_brand-brayton","7":"product_cat-spoljasnja-rasvjeta","10":"first","11":"instock","12":"shipping-taxable","13":"purchasable","14":"product-type-simple"},"_links":{"self":[{"href":"https:\/\/aera.ba\/index.php?rest_route=\/wp\/v2\/product\/15536","targetHints":{"allow":["GET"]}}],"collection":[{"href":"https:\/\/aera.ba\/index.php?rest_route=\/wp\/v2\/product"}],"about":[{"href":"https:\/\/aera.ba\/index.php?rest_route=\/wp\/v2\/types\/product"}],"wp:featuredmedia":[{"embeddable":true,"href":"https:\/\/aera.ba\/index.php?rest_route=\/wp\/v2\/media\/15537"}],"wp:attachment":[{"href":"https:\/\/aera.ba\/index.php?rest_route=%2Fwp%2Fv2%2Fmedia&parent=15536"}],"wp:term":[{"taxonomy":"product_brand","embeddable":true,"href":"https:\/\/aera.ba\/index.php?rest_route=%2Fwp%2Fv2%2Fproduct_brand&post=15536"},{"taxonomy":"product_cat","embeddable":true,"href":"https:\/\/aera.ba\/index.php?rest_route=%2Fwp%2Fv2%2Fproduct_cat&post=15536"},{"taxonomy":"product_tag","embeddable":true,"href":"https:\/\/aera.ba\/index.php?rest_route=%2Fwp%2Fv2%2Fproduct_tag&post=15536"}],"curies":[{"name":"wp","href":"https:\/\/api.w.org\/{rel}","templated":true}]}}