{"id":15528,"date":"2024-01-11T09:51:02","date_gmt":"2024-01-11T09:51:02","guid":{"rendered":"https:\/\/aera.ba\/?post_type=product&#038;p=15528"},"modified":"2024-01-11T09:54:14","modified_gmt":"2024-01-11T09:54:14","slug":"bry-pirus-s-10w-3000k-ip54-wall-light","status":"publish","type":"product","link":"https:\/\/aera.ba\/?product=bry-pirus-s-10w-3000k-ip54-wall-light","title":{"rendered":"BRY-PIRUS-S-10W-3000K-IP54-WALL LIGHT"},"content":{"rendered":"<p data-sourcepos=\"21:1-21:18\"><strong>Specifikacije:<\/strong><\/p>\n<ul data-sourcepos=\"23:1-32:0\">\n<li data-sourcepos=\"23:1-23:17\">Napon:\u00a0220-240V<\/li>\n<li data-sourcepos=\"24:1-24:20\">Faktor snage:\u00a0&gt;0,5<\/li>\n<li data-sourcepos=\"25:1-25:22\">Materijal:\u00a0Aluminium<\/li>\n<li data-sourcepos=\"26:1-26:34\">Radna temperatura:\u00a0-20\u00b0C do 40\u00b0C<\/li>\n<li data-sourcepos=\"27:1-27:23\">Frekvencija:\u00a050-60 Hz<\/li>\n<li data-sourcepos=\"28:1-28:16\">Du\u017eina:\u00a0260 mm<\/li>\n<li data-sourcepos=\"29:1-29:16\">\u0160irina:\u00a0190 mm<\/li>\n<li data-sourcepos=\"30:1-30:16\">Visina:\u00a0310 mm<\/li>\n<li data-sourcepos=\"31:1-32:0\">Te\u017eina:\u00a0450 gr<\/li>\n<\/ul>\n<p data-sourcepos=\"33:1-33:2\"><strong>Informacije o pakovanju:<\/strong><\/p>\n<ul data-sourcepos=\"35:1-41:0\">\n<li data-sourcepos=\"35:1-35:21\">Neto te\u017eina:\u00a03,6 kg<\/li>\n<li data-sourcepos=\"36:1-36:22\">Bruto te\u017eina:\u00a04,4 kg<\/li>\n<li data-sourcepos=\"37:1-37:27\">Komada u kutiji:\u00a08 komada<\/li>\n<li data-sourcepos=\"38:1-38:16\">Du\u017eina:\u00a0260 mm<\/li>\n<li data-sourcepos=\"39:1-39:16\">\u0160irina:\u00a0190 mm<\/li>\n<li data-sourcepos=\"40:1-41:0\">Visina:\u00a0310 mm<\/li>\n<\/ul>\n","protected":false},"excerpt":{"rendered":"<p>Zidna svjetiljka BG40-00602 nije samo prakti\u010dan dodatak va\u0161em vanjskom prostoru, ve\u0107 i elegantna umjetni\u010dka instalacija. Njen moderno minimalisti\u010dki dizajn u sivom aluminiju i topla bijela svjetlost (3000K) \u0107e vam pru\u017eiti prijatnu atmosferu za ve\u010dernje u\u017eivanje.<\/p>\n","protected":false},"featured_media":15535,"template":"","meta":[],"product_brand":[148],"product_cat":[78],"product_tag":[],"class_list":{"0":"post-15528","1":"product","2":"type-product","3":"status-publish","4":"has-post-thumbnail","6":"product_brand-brayton","7":"product_cat-spoljasnja-rasvjeta","10":"first","11":"instock","12":"shipping-taxable","13":"purchasable","14":"product-type-simple"},"_links":{"self":[{"href":"https:\/\/aera.ba\/index.php?rest_route=\/wp\/v2\/product\/15528","targetHints":{"allow":["GET"]}}],"collection":[{"href":"https:\/\/aera.ba\/index.php?rest_route=\/wp\/v2\/product"}],"about":[{"href":"https:\/\/aera.ba\/index.php?rest_route=\/wp\/v2\/types\/product"}],"wp:featuredmedia":[{"embeddable":true,"href":"https:\/\/aera.ba\/index.php?rest_route=\/wp\/v2\/media\/15535"}],"wp:attachment":[{"href":"https:\/\/aera.ba\/index.php?rest_route=%2Fwp%2Fv2%2Fmedia&parent=15528"}],"wp:term":[{"taxonomy":"product_brand","embeddable":true,"href":"https:\/\/aera.ba\/index.php?rest_route=%2Fwp%2Fv2%2Fproduct_brand&post=15528"},{"taxonomy":"product_cat","embeddable":true,"href":"https:\/\/aera.ba\/index.php?rest_route=%2Fwp%2Fv2%2Fproduct_cat&post=15528"},{"taxonomy":"product_tag","embeddable":true,"href":"https:\/\/aera.ba\/index.php?rest_route=%2Fwp%2Fv2%2Fproduct_tag&post=15528"}],"curies":[{"name":"wp","href":"https:\/\/api.w.org\/{rel}","templated":true}]}}