{"id":15513,"date":"2024-01-11T09:35:02","date_gmt":"2024-01-11T09:35:02","guid":{"rendered":"https:\/\/aera.ba\/?post_type=product&#038;p=15513"},"modified":"2024-01-11T09:42:54","modified_gmt":"2024-01-11T09:42:54","slug":"bry-minispot-a-3w-38d-3c-4000k-ip54-led-spotlight","status":"publish","type":"product","link":"https:\/\/aera.ba\/?product=bry-minispot-a-3w-38d-3c-4000k-ip54-led-spotlight","title":{"rendered":"BRY-MINISPOT-A-3W-38D-3C-4000K-IP54-LED SPOTLIGHT"},"content":{"rendered":"<p data-sourcepos=\"21:1-21:18\"><strong>Specifikacije:<\/strong><\/p>\n<ul data-sourcepos=\"23:1-32:0\">\n<li data-sourcepos=\"23:1-23:17\">Napon:\u00a0220-240V<\/li>\n<li data-sourcepos=\"24:1-24:20\">Faktor snage:\u00a0&gt;0,5<\/li>\n<li data-sourcepos=\"25:1-25:15\">Materijal:\u00a0PC<\/li>\n<li data-sourcepos=\"26:1-26:34\">Radna temperatura:\u00a0-20\u00b0C do 40\u00b0C<\/li>\n<li data-sourcepos=\"27:1-27:23\">Frekvencija:\u00a050-60 Hz<\/li>\n<li data-sourcepos=\"28:1-28:16\">Pre\u010dnik:\u00a044 mm<\/li>\n<li data-sourcepos=\"29:1-29:15\">Visina:\u00a028 mm<\/li>\n<li data-sourcepos=\"30:1-30:37\">Dimenzije otvora za ugradnju:\u00a032 mm<\/li>\n<li data-sourcepos=\"31:1-32:0\">Te\u017eina:\u00a027 gr<\/li>\n<\/ul>\n<p data-sourcepos=\"33:1-33:28\"><strong>Informacije o pakovanju:<\/strong><\/p>\n<ul data-sourcepos=\"35:1-43:0\">\n<li data-sourcepos=\"35:1-35:21\">Neto te\u017eina:\u00a02,7 kg<\/li>\n<li data-sourcepos=\"36:1-36:22\">Bruto te\u017eina:\u00a04,2 kg<\/li>\n<li data-sourcepos=\"37:1-37:29\">Komada u kutiji:\u00a0100 komada<\/li>\n<li data-sourcepos=\"38:1-38:16\">Du\u017eina:\u00a0480 mm<\/li>\n<li data-sourcepos=\"39:1-39:16\">\u0160irina:\u00a0250 mm<\/li>\n<li data-sourcepos=\"40:1-40:16\">Visina:\u00a0135 mm<\/li>\n<li data-sourcepos=\"41:1-43:0\">Barkod:\u00a05949097728556<\/li>\n<\/ul>\n","protected":false},"excerpt":{"rendered":"<p>Mali ali mo\u0107ni, LED reflektor BH06-00219 \u0107e vam pru\u017eiti savr\u0161eno rje\u0161enje za ugradnu rasvjetu. Sa snagom od 3W i 210 lumena, on pru\u017ea prirodnu neutralnu bijelu svjetlost (4000K) sa CRI indeksom preko 80, \u0161to zna\u010di da vjerno prikazuje boje. Ugao rasipanja svjetla od 38\u00b0 stepeni omogu\u0107ava usmjerenu rasvjetu, dok IP54 ocjena ga \u010dini pogodnim za upotrebu u vla\u017enim prostorijama kao \u0161to su kupatila.<\/p>\n","protected":false},"featured_media":15520,"template":"","meta":[],"product_brand":[148],"product_cat":[81],"product_tag":[],"class_list":{"0":"post-15513","1":"product","2":"type-product","3":"status-publish","4":"has-post-thumbnail","6":"product_brand-brayton","7":"product_cat-unutrasnja-rasvjeta","10":"first","11":"instock","12":"shipping-taxable","13":"purchasable","14":"product-type-simple"},"_links":{"self":[{"href":"https:\/\/aera.ba\/index.php?rest_route=\/wp\/v2\/product\/15513","targetHints":{"allow":["GET"]}}],"collection":[{"href":"https:\/\/aera.ba\/index.php?rest_route=\/wp\/v2\/product"}],"about":[{"href":"https:\/\/aera.ba\/index.php?rest_route=\/wp\/v2\/types\/product"}],"wp:featuredmedia":[{"embeddable":true,"href":"https:\/\/aera.ba\/index.php?rest_route=\/wp\/v2\/media\/15520"}],"wp:attachment":[{"href":"https:\/\/aera.ba\/index.php?rest_route=%2Fwp%2Fv2%2Fmedia&parent=15513"}],"wp:term":[{"taxonomy":"product_brand","embeddable":true,"href":"https:\/\/aera.ba\/index.php?rest_route=%2Fwp%2Fv2%2Fproduct_brand&post=15513"},{"taxonomy":"product_cat","embeddable":true,"href":"https:\/\/aera.ba\/index.php?rest_route=%2Fwp%2Fv2%2Fproduct_cat&post=15513"},{"taxonomy":"product_tag","embeddable":true,"href":"https:\/\/aera.ba\/index.php?rest_route=%2Fwp%2Fv2%2Fproduct_tag&post=15513"}],"curies":[{"name":"wp","href":"https:\/\/api.w.org\/{rel}","templated":true}]}}