{"id":15489,"date":"2024-01-11T09:26:54","date_gmt":"2024-01-11T09:26:54","guid":{"rendered":"https:\/\/aera.ba\/?post_type=product&#038;p=15489"},"modified":"2024-01-11T09:36:49","modified_gmt":"2024-01-11T09:36:49","slug":"bry-beta-9414-rnd-blc-gu10-spotlight","status":"publish","type":"product","link":"https:\/\/aera.ba\/?product=bry-beta-9414-rnd-blc-gu10-spotlight","title":{"rendered":"BRY-BETA-9414-RND-BLC-GU10-SPOTLIGHT"},"content":{"rendered":"<p data-sourcepos=\"12:1-12:27\"><strong>Dodatne karakteristike:<\/strong><\/p>\n<ul data-sourcepos=\"14:1-21:0\">\n<li data-sourcepos=\"14:1-14:17\">Napon:\u00a0220-240V<\/li>\n<li data-sourcepos=\"15:1-15:23\">Frekvencija:\u00a050-60 Hz<\/li>\n<li data-sourcepos=\"16:1-16:16\">Pre\u010dnik:\u00a094 mm<\/li>\n<li data-sourcepos=\"17:1-17:16\">Visina:\u00a0145 mm<\/li>\n<li data-sourcepos=\"18:1-18:16\">Te\u017eina:\u00a0350 gr<\/li>\n<li data-sourcepos=\"19:1-19:17\">IP ocjena:\u00a0IP20<\/li>\n<li data-sourcepos=\"20:1-21:0\">Garancija:\u00a02 godine<\/li>\n<\/ul>\n<p data-sourcepos=\"22:1-22:28\"><strong>Informacije o pakovanju:<\/strong><\/p>\n<ul data-sourcepos=\"24:1-30:0\">\n<li data-sourcepos=\"24:1-24:19\">Neto te\u017eina:\u00a07 kg<\/li>\n<li data-sourcepos=\"25:1-25:22\">Bruto te\u017eina:\u00a08,5 kg<\/li>\n<li data-sourcepos=\"26:1-26:28\">Komada u kutiji:\u00a020 komada<\/li>\n<li data-sourcepos=\"27:1-27:23\">Du\u017eina kutije:\u00a0550 mm<\/li>\n<li data-sourcepos=\"28:1-28:23\">\u0160irina kutije:\u00a0225 mm<\/li>\n<li data-sourcepos=\"29:1-30:0\">Visina kutije:\u00a0320 mm<\/li>\n<\/ul>\n","protected":false},"excerpt":{"rendered":"<p>Unutar va\u0161eg doma, crni GU10 reflektor BH04-00101 \u0107e vam pru\u017eiti savr\u0161eno rje\u0161enje za rasvjetu. Ovaj reflektor snage do 35W ima GU10 grlo i aluminijsku konstrukciju koja oduva izdr\u017eljivosti i modernom dizajnu. Sa radnom temperaturom od -20 do 40\u00b0C i \u017eivotnim vijekom od 2 godine, ovaj reflektor \u0107e vam pru\u017eiti dugotrajnu upotrebu i pouzdan rad.<\/p>\n","protected":false},"featured_media":15495,"template":"","meta":[],"product_brand":[148],"product_cat":[81],"product_tag":[],"class_list":{"0":"post-15489","1":"product","2":"type-product","3":"status-publish","4":"has-post-thumbnail","6":"product_brand-brayton","7":"product_cat-unutrasnja-rasvjeta","10":"first","11":"instock","12":"shipping-taxable","13":"purchasable","14":"product-type-simple"},"_links":{"self":[{"href":"https:\/\/aera.ba\/index.php?rest_route=\/wp\/v2\/product\/15489","targetHints":{"allow":["GET"]}}],"collection":[{"href":"https:\/\/aera.ba\/index.php?rest_route=\/wp\/v2\/product"}],"about":[{"href":"https:\/\/aera.ba\/index.php?rest_route=\/wp\/v2\/types\/product"}],"wp:featuredmedia":[{"embeddable":true,"href":"https:\/\/aera.ba\/index.php?rest_route=\/wp\/v2\/media\/15495"}],"wp:attachment":[{"href":"https:\/\/aera.ba\/index.php?rest_route=%2Fwp%2Fv2%2Fmedia&parent=15489"}],"wp:term":[{"taxonomy":"product_brand","embeddable":true,"href":"https:\/\/aera.ba\/index.php?rest_route=%2Fwp%2Fv2%2Fproduct_brand&post=15489"},{"taxonomy":"product_cat","embeddable":true,"href":"https:\/\/aera.ba\/index.php?rest_route=%2Fwp%2Fv2%2Fproduct_cat&post=15489"},{"taxonomy":"product_tag","embeddable":true,"href":"https:\/\/aera.ba\/index.php?rest_route=%2Fwp%2Fv2%2Fproduct_tag&post=15489"}],"curies":[{"name":"wp","href":"https:\/\/api.w.org\/{rel}","templated":true}]}}