{"id":9095,"date":"2020-01-13T06:50:18","date_gmt":"2020-01-13T06:50:18","guid":{"rendered":"https:\/\/wpbingosite.com\/wordpress\/davici\/?page_id=9095"},"modified":"2023-12-18T13:53:17","modified_gmt":"2023-12-18T13:53:17","slug":"about","status":"publish","type":"page","link":"https:\/\/aera.ba\/?page_id=9095","title":{"rendered":"O nama"},"content":{"rendered":"\t\t<div data-elementor-type=\"wp-page\" data-elementor-id=\"9095\" class=\"elementor elementor-9095\">\n\t\t\t\t<div class=\"elementor-element elementor-element-76ad1a6 e-flex e-con-boxed e-con e-parent\" data-id=\"76ad1a6\" data-element_type=\"container\" data-e-type=\"container\">\n\t\t\t\t\t<div class=\"e-con-inner\">\n\t\t\t\t<div class=\"elementor-element elementor-element-2683c3f elementor-widget elementor-widget-text-editor\" data-id=\"2683c3f\" data-element_type=\"widget\" data-e-type=\"widget\" data-widget_type=\"text-editor.default\">\n\t\t\t\t<div class=\"elementor-widget-container\">\n\t\t\t\t\t\t\t\t\t<p>Aera lighting, D\u017eemala Bijedi\u0107a 279 B, Naselje bulevar<\/p>\t\t\t\t\t\t\t\t<\/div>\n\t\t\t\t<\/div>\n\t\t\t\t<div class=\"elementor-element elementor-element-a8768d7 elementor-widget elementor-widget-heading\" data-id=\"a8768d7\" data-element_type=\"widget\" data-e-type=\"widget\" data-widget_type=\"heading.default\">\n\t\t\t\t<div class=\"elementor-widget-container\">\n\t\t\t\t\t<h1 class=\"elementor-heading-title elementor-size-default\">Rasvjeta za vas<\/h1>\t\t\t\t<\/div>\n\t\t\t\t<\/div>\n\t\t\t\t<div class=\"elementor-element elementor-element-8ffbf6e elementor-widget elementor-widget-text-editor\" data-id=\"8ffbf6e\" data-element_type=\"widget\" data-e-type=\"widget\" data-widget_type=\"text-editor.default\">\n\t\t\t\t<div class=\"elementor-widget-container\">\n\t\t\t\t\t\t\t\t\t<p>U savremenom svijetu, rasvjeta je postala neizostavan dio svakog enterijera i eksterijera. Ona ne samo da osvjetljava prostor, ve\u0107 ga i transformi\u0161e, stvaraju\u0107i atmosferu i nagla\u0161avaju\u0107i estetiku. Dekorativna rasvjeta nije samo funkcionalna; ona je postala izraz stila i elegancije u modernom ure\u0111enju prostora.<\/p>\n<p>Upravo u ovoj transformaciji prostora, uloga kompanije Aera Lighting postaje klju\u010dna. Sa bogatim iskustvom i dubokim razumijevanjem potreba tr\u017ei\u0161ta, na\u0161 fokus je na stvaranju, proizvodnji i distribuciji rasvjetnih proizvoda visokog kvaliteta koji ne samo da zadovoljavaju tehni\u010dke standarde, ve\u0107 i pru\u017eaju estetsku vrijednost.<\/p>\n<p>Na\u0161a pa\u017eljivo odabrana kolekcija proizvoda obuhvata saradnju s renomiranim brendovima poput Brayton-a, Panasonic-a i Siteco-a, dok se istovremeno razvija i na\u0161a vlastita robna marka, koja se formira na temelju povratnih informacija kupaca i pra\u0107enja trendova na tr\u017ei\u0161tu. Svojim proizvodima \u017eelimo donijeti svjetlo koje odgovara modernim zahtjevima, ali i pristupa\u010dnosti za sve.<\/p>\n<p>U srcu na\u0161eg rada je tim Aera Lightinga &#8211; mladi, stru\u010dni i strastveni pojedinci poput dizajnera, in\u017eenjera i komercijalista. Kroz sinergiju njihovih ideja, istra\u017eivanja tr\u017ei\u0161ta i konstantno pra\u0107enje svjetskih trendova u LED tehnologiji i dekorativnoj rasvjeti, stvaramo proizvode koji odgovaraju zahtjevima modernog doba.<\/p>\n<p>Jedan od na\u0161ih klju\u010dnih prioriteta je zadovoljstvo na\u0161ih kupaca. Svojim anga\u017emanom, osiguravamo da na\u0161i proizvodi ispunjavaju najvi\u0161e standarde kvaliteta, prate\u0107i sve EU norme, a istovremeno dolaze u prepoznatljivoj i sigurnoj ambala\u017ei. \u017delimo da svaki kupac do\u017eivi ne samo kvalitet proizvoda, ve\u0107 i izvanredno iskustvo kupovine.<\/p>\n<p>Na\u0161a adresa, D\u017eemala Bijedi\u0107a 279 B, Naselje bulevar, Sarajevo, predstavlja na\u0161u fizi\u010dku lokaciju, ali na\u0161a misija se\u017ee dalje od prostora &#8211; mi gradimo prostor svjetlosti, stvaramo ambijent i inspiri\u0161emo ljude da o\u017eive svoje prostore kroz na\u0161e proizvode.<\/p>\n<p><span style=\"color: var( --e-global-color-text ); text-align: var(--text-align);\">Hvala vam \u0161to ste dio na\u0161eg putovanja kroz svjetlost. Slijedite nas kako bismo zajedno istra\u017eivali svijet rasvjete i stvarali prostor koji svijetli sa stilom i funkcionalno\u0161\u0107u. Va\u0161 prostor zaslu\u017euje najbolje, a mi smo ovdje da vam to omogu\u0107imo.&nbsp;<\/span><\/p>\n<p><span style=\"color: var( --e-global-color-text ); text-align: var(--text-align);\">Dobrodo\u0161li u svijet Aera Lightinga &#8211; prostora gdje se svjetlost spaja sa va\u0161om vizijom.<\/span><br><\/p>\t\t\t\t\t\t\t\t<\/div>\n\t\t\t\t<\/div>\n\t\t\t\t\t<\/div>\n\t\t\t\t<\/div>\n\t\t\t\t<section class=\"elementor-section elementor-top-section elementor-element elementor-element-e177ae6 elementor-section-full_width elementor-hidden-mobile elementor-section-height-default elementor-section-height-default\" data-id=\"e177ae6\" data-element_type=\"section\" data-e-type=\"section\">\n\t\t\t\t\t\t<div class=\"elementor-container elementor-column-gap-default\">\n\t\t\t\t\t<div class=\"elementor-column elementor-col-100 elementor-top-column elementor-element elementor-element-ca9c5cf\" data-id=\"ca9c5cf\" data-element_type=\"column\" data-e-type=\"column\">\n\t\t\t<div class=\"elementor-widget-wrap elementor-element-populated\">\n\t\t\t\t\t\t<section class=\"elementor-section elementor-inner-section elementor-element elementor-element-a188d71 elementor-section-full_width elementor-section-height-default elementor-section-height-default\" data-id=\"a188d71\" data-element_type=\"section\" data-e-type=\"section\" data-settings=\"{&quot;background_background&quot;:&quot;classic&quot;}\">\n\t\t\t\t\t\t<div class=\"elementor-container elementor-column-gap-default\">\n\t\t\t\t\t<div class=\"elementor-column elementor-col-100 elementor-inner-column elementor-element elementor-element-fcfddb3\" data-id=\"fcfddb3\" data-element_type=\"column\" data-e-type=\"column\">\n\t\t\t<div class=\"elementor-widget-wrap\">\n\t\t\t\t\t\t\t<\/div>\n\t\t<\/div>\n\t\t\t\t\t<\/div>\n\t\t<\/section>\n\t\t\t\t\t<\/div>\n\t\t<\/div>\n\t\t\t\t\t<\/div>\n\t\t<\/section>\n\t\t\t\t<section class=\"elementor-section elementor-top-section elementor-element elementor-element-87601bb elementor-section-full_width elementor-hidden-desktop elementor-hidden-tablet elementor-section-height-default elementor-section-height-default\" data-id=\"87601bb\" data-element_type=\"section\" data-e-type=\"section\">\n\t\t\t\t\t\t<div class=\"elementor-container elementor-column-gap-default\">\n\t\t\t\t\t<div class=\"elementor-column elementor-col-100 elementor-top-column elementor-element elementor-element-560e709\" data-id=\"560e709\" data-element_type=\"column\" data-e-type=\"column\">\n\t\t\t<div class=\"elementor-widget-wrap elementor-element-populated\">\n\t\t\t\t\t\t<section class=\"elementor-section elementor-inner-section elementor-element elementor-element-92e4328 elementor-section-full_width elementor-section-height-min-height elementor-section-height-default\" data-id=\"92e4328\" data-element_type=\"section\" data-e-type=\"section\" data-settings=\"{&quot;background_background&quot;:&quot;classic&quot;}\">\n\t\t\t\t\t\t<div class=\"elementor-container elementor-column-gap-default\">\n\t\t\t\t\t<div class=\"elementor-column elementor-col-100 elementor-inner-column elementor-element elementor-element-e2f0cc4\" data-id=\"e2f0cc4\" data-element_type=\"column\" data-e-type=\"column\">\n\t\t\t<div class=\"elementor-widget-wrap\">\n\t\t\t\t\t\t\t<\/div>\n\t\t<\/div>\n\t\t\t\t\t<\/div>\n\t\t<\/section>\n\t\t\t\t\t<\/div>\n\t\t<\/div>\n\t\t\t\t\t<\/div>\n\t\t<\/section>\n\t\t\t\t<section class=\"elementor-section elementor-top-section elementor-element elementor-element-3563365 elementor-section-boxed elementor-section-height-default elementor-section-height-default\" data-id=\"3563365\" data-element_type=\"section\" data-e-type=\"section\">\n\t\t\t\t\t\t<div class=\"elementor-container elementor-column-gap-default\">\n\t\t\t\t\t<div class=\"elementor-column elementor-col-50 elementor-top-column elementor-element elementor-element-03aaa4a\" data-id=\"03aaa4a\" data-element_type=\"column\" data-e-type=\"column\">\n\t\t\t<div class=\"elementor-widget-wrap elementor-element-populated\">\n\t\t\t\t\t\t<div class=\"elementor-element elementor-element-d48f973 font-bold elementor-widget elementor-widget-text-editor\" data-id=\"d48f973\" data-element_type=\"widget\" data-e-type=\"widget\" data-widget_type=\"text-editor.default\">\n\t\t\t\t<div class=\"elementor-widget-container\">\n\t\t\t\t\t\t\t\t\t<p>Na\u0161a Pri\u010da<\/p>\t\t\t\t\t\t\t\t<\/div>\n\t\t\t\t<\/div>\n\t\t\t\t<div class=\"elementor-element elementor-element-a20c5ae elementor-widget elementor-widget-heading\" data-id=\"a20c5ae\" data-element_type=\"widget\" data-e-type=\"widget\" data-widget_type=\"heading.default\">\n\t\t\t\t<div class=\"elementor-widget-container\">\n\t\t\t\t\t<h2 class=\"elementor-heading-title elementor-size-default\">Inovacija koja Osvjetljava<\/h2>\t\t\t\t<\/div>\n\t\t\t\t<\/div>\n\t\t\t\t<div class=\"elementor-element elementor-element-9778998 elementor-widget-divider--view-line elementor-widget elementor-widget-divider\" data-id=\"9778998\" data-element_type=\"widget\" data-e-type=\"widget\" data-widget_type=\"divider.default\">\n\t\t\t\t<div class=\"elementor-widget-container\">\n\t\t\t\t\t\t\t<div class=\"elementor-divider\">\n\t\t\t<span class=\"elementor-divider-separator\">\n\t\t\t\t\t\t<\/span>\n\t\t<\/div>\n\t\t\t\t\t\t<\/div>\n\t\t\t\t<\/div>\n\t\t\t\t<div class=\"elementor-element elementor-element-e89911d elementor-widget elementor-widget-text-editor\" data-id=\"e89911d\" data-element_type=\"widget\" data-e-type=\"widget\" data-widget_type=\"text-editor.default\">\n\t\t\t\t<div class=\"elementor-widget-container\">\n\t\t\t\t\t\t\t\t\t<p>U Aera Lighting-u, svaka svjetiljka ima svoju pri\u010du &#8211; pri\u010du o inovaciji, eleganciji i odgovornosti prema okoli\u0161u.<\/p><p>Na\u0161a pri\u010da proizlazi iz \u017eelje da transformiramo na\u010din na koji do\u017eivljavamo svjetlo u svakodnevnom \u017eivotu. Sa temeljnom vjerom u inovacije, odr\u017eivost i estetiku, gradimo put prema sjajnijoj i odgovornijoj budu\u0107nosti.<\/p><p>Od samog po\u010detka, na\u0161a misija je bila jasna &#8211; stvarati svjetlosna rje\u0161enja koja nadma\u0161uju o\u010dekivanja i istovremeno podr\u017eavaju odr\u017eive prakse. Kroz istra\u017eivanje, tehnolo\u0161ki napredak i kreativni pristup, oblikujemo kolekciju svjetiljki koje nisu samo funkcionalne, ve\u0107 i inspirativne.<\/p><p>Na\u0161 tim stru\u010dnjaka posve\u0107en je otkrivanju novih na\u010dina kako svjetlo mo\u017ee transformirati va\u0161 prostor. Svaka svjetiljka u na\u0161oj ponudi odra\u017eava na\u0161e trajno nastojanje za postizanjem vrhunske kvalitete i estetike. Kroz na\u0161e proizvode, \u017eelimo osvijetliti ne samo prostorije, ve\u0107 i put prema odr\u017eivijoj budu\u0107nosti.<\/p><p>Neka na\u0161a svjetla budu vodi\u010d prema svjetlijoj budu\u0107nosti &#8211; do\u0111ite i budite dio na\u0161e pri\u010de.<\/p>\t\t\t\t\t\t\t\t<\/div>\n\t\t\t\t<\/div>\n\t\t\t\t\t<\/div>\n\t\t<\/div>\n\t\t\t\t<div class=\"elementor-column elementor-col-50 elementor-top-column elementor-element elementor-element-1b50256\" data-id=\"1b50256\" data-element_type=\"column\" data-e-type=\"column\">\n\t\t\t<div class=\"elementor-widget-wrap elementor-element-populated\">\n\t\t\t\t\t\t<div class=\"elementor-element elementor-element-4eb216c elementor-widget elementor-widget-image\" data-id=\"4eb216c\" data-element_type=\"widget\" data-e-type=\"widget\" data-widget_type=\"image.default\">\n\t\t\t\t<div class=\"elementor-widget-container\">\n\t\t\t\t\t\t\t\t\t\t\t\t\t\t\t<img fetchpriority=\"high\" decoding=\"async\" width=\"1800\" height=\"1350\" src=\"https:\/\/aera.ba\/wp-content\/uploads\/2023\/12\/0-02-05-e5fe1704f12324485407f856d6297259801d9709c8ab5147129a0d07e07786b9_8c008e14057eb749-1.jpg\" class=\"elementor-animation-wobble-horizontal attachment-full size-full wp-image-15127\" alt=\"\" \/>\t\t\t\t\t\t\t\t\t\t\t\t\t\t\t<\/div>\n\t\t\t\t<\/div>\n\t\t\t\t\t<\/div>\n\t\t<\/div>\n\t\t\t\t\t<\/div>\n\t\t<\/section>\n\t\t\t\t<section class=\"elementor-section elementor-top-section elementor-element elementor-element-21d330b elementor-section-boxed elementor-section-height-default elementor-section-height-default\" data-id=\"21d330b\" data-element_type=\"section\" data-e-type=\"section\">\n\t\t\t\t\t\t<div class=\"elementor-container elementor-column-gap-default\">\n\t\t\t\t\t<div class=\"elementor-column elementor-col-50 elementor-top-column elementor-element elementor-element-702f4a2\" data-id=\"702f4a2\" data-element_type=\"column\" data-e-type=\"column\">\n\t\t\t<div class=\"elementor-widget-wrap elementor-element-populated\">\n\t\t\t\t\t\t<div class=\"elementor-element elementor-element-0e3448f elementor-widget elementor-widget-image\" data-id=\"0e3448f\" data-element_type=\"widget\" data-e-type=\"widget\" data-widget_type=\"image.default\">\n\t\t\t\t<div class=\"elementor-widget-container\">\n\t\t\t\t\t\t\t\t\t\t\t\t\t\t\t<img decoding=\"async\" width=\"1800\" height=\"1350\" src=\"https:\/\/aera.ba\/wp-content\/uploads\/2023\/12\/0-02-05-4e9e405cd015ac6f066c45c6d7ea311543bad8aff03fb662eb350d1a860fe75a_91edaedf70ff8586-1.jpg\" class=\"elementor-animation-wobble-horizontal attachment-full size-full wp-image-15128\" alt=\"\" \/>\t\t\t\t\t\t\t\t\t\t\t\t\t\t\t<\/div>\n\t\t\t\t<\/div>\n\t\t\t\t\t<\/div>\n\t\t<\/div>\n\t\t\t\t<div class=\"elementor-column elementor-col-50 elementor-top-column elementor-element elementor-element-7876a80\" data-id=\"7876a80\" data-element_type=\"column\" data-e-type=\"column\">\n\t\t\t<div class=\"elementor-widget-wrap elementor-element-populated\">\n\t\t\t\t\t\t<div class=\"elementor-element elementor-element-d2c40ad font-bold elementor-widget elementor-widget-text-editor\" data-id=\"d2c40ad\" data-element_type=\"widget\" data-e-type=\"widget\" data-widget_type=\"text-editor.default\">\n\t\t\t\t<div class=\"elementor-widget-container\">\n\t\t\t\t\t\t\t\t\t<p>Aera lighting<\/p>\t\t\t\t\t\t\t\t<\/div>\n\t\t\t\t<\/div>\n\t\t\t\t<div class=\"elementor-element elementor-element-8f4868c elementor-widget elementor-widget-heading\" data-id=\"8f4868c\" data-element_type=\"widget\" data-e-type=\"widget\" data-widget_type=\"heading.default\">\n\t\t\t\t<div class=\"elementor-widget-container\">\n\t\t\t\t\t<h2 class=\"elementor-heading-title elementor-size-default\">Mi osvjetljavamo put ka budu\u0107nosti<\/h2>\t\t\t\t<\/div>\n\t\t\t\t<\/div>\n\t\t\t\t<div class=\"elementor-element elementor-element-53e5722 elementor-widget-divider--view-line elementor-widget elementor-widget-divider\" data-id=\"53e5722\" data-element_type=\"widget\" data-e-type=\"widget\" data-widget_type=\"divider.default\">\n\t\t\t\t<div class=\"elementor-widget-container\">\n\t\t\t\t\t\t\t<div class=\"elementor-divider\">\n\t\t\t<span class=\"elementor-divider-separator\">\n\t\t\t\t\t\t<\/span>\n\t\t<\/div>\n\t\t\t\t\t\t<\/div>\n\t\t\t\t<\/div>\n\t\t\t\t<div class=\"elementor-element elementor-element-ab36f7e elementor-widget elementor-widget-text-editor\" data-id=\"ab36f7e\" data-element_type=\"widget\" data-e-type=\"widget\" data-widget_type=\"text-editor.default\">\n\t\t\t\t<div class=\"elementor-widget-container\">\n\t\t\t\t\t\t\t\t\t<p>Dobrodo\u0161li u Aera Lighting, mjesto gdje svjetlo nije samo proizvod &#8211; to je na\u0161a misija. Mi ne samo da osvjetljavamo prostor, ve\u0107 i budu\u0107nost. Na\u0161a strast prema svjetlu nije samo o stvaranju estetskih rje\u0161enja, ve\u0107 i o stvaranju putokaza prema odr\u017eivijoj i svjetlijoj budu\u0107nosti. Na\u0161a kolekcija svjetiljki nije samo elegantna, ve\u0107 je rezultat predanosti inovacijama i tehnolo\u0161kom napretku.<\/p><p>Kroz na\u0161 asortiman visokokvalitetnih svjetiljki, nudimo vi\u0161e od osvjetljenja prostora. Svjetlost koju pru\u017eamo je simbol napretka, inspiracije i odr\u017eivosti. Svaki komad u na\u0161oj ponudi je pa\u017eljivo odabran kako bi unaprijedio va\u0161 prostor, ali istovremeno i podr\u017eao na\u0161u viziju o odr\u017eivoj budu\u0107nosti.<\/p><p>Uz na\u0161u posve\u0107enost kvalitetu, estetici i tehnolo\u0161kim inovacijama, mi osvjetljavamo ne samo domove ve\u0107 i put ka svjetlijoj i odgovornijoj budu\u0107nosti.<\/p>\t\t\t\t\t\t\t\t<\/div>\n\t\t\t\t<\/div>\n\t\t\t\t\t<\/div>\n\t\t<\/div>\n\t\t\t\t\t<\/div>\n\t\t<\/section>\n\t\t\t\t<section class=\"elementor-section elementor-top-section elementor-element elementor-element-427c761 elementor-section-boxed elementor-section-height-default elementor-section-height-default\" data-id=\"427c761\" data-element_type=\"section\" data-e-type=\"section\">\n\t\t\t\t\t\t<div class=\"elementor-container elementor-column-gap-default\">\n\t\t\t\t\t<div class=\"elementor-column elementor-col-100 elementor-top-column elementor-element elementor-element-29de927\" data-id=\"29de927\" data-element_type=\"column\" data-e-type=\"column\">\n\t\t\t<div class=\"elementor-widget-wrap elementor-element-populated\">\n\t\t\t\t\t\t<div class=\"elementor-element elementor-element-4ec466a font-bold elementor-widget elementor-widget-text-editor\" data-id=\"4ec466a\" data-element_type=\"widget\" data-e-type=\"widget\" data-widget_type=\"text-editor.default\">\n\t\t\t\t<div class=\"elementor-widget-container\">\n\t\t\t\t\t\t\t\t\t<p>OTKRIJTE MAGIJU SVJETLA<\/p>\t\t\t\t\t\t\t\t<\/div>\n\t\t\t\t<\/div>\n\t\t\t\t<div class=\"elementor-element elementor-element-3918c54 elementor-widget elementor-widget-heading\" data-id=\"3918c54\" data-element_type=\"widget\" data-e-type=\"widget\" data-widget_type=\"heading.default\">\n\t\t\t\t<div class=\"elementor-widget-container\">\n\t\t\t\t\t<h2 class=\"elementor-heading-title elementor-size-default\">Posjetite na\u0161u prodavnicu<\/h2>\t\t\t\t<\/div>\n\t\t\t\t<\/div>\n\t\t\t\t<div class=\"elementor-element elementor-element-f92c947 elementor-widget-divider--view-line elementor-widget elementor-widget-divider\" data-id=\"f92c947\" data-element_type=\"widget\" data-e-type=\"widget\" data-widget_type=\"divider.default\">\n\t\t\t\t<div class=\"elementor-widget-container\">\n\t\t\t\t\t\t\t<div class=\"elementor-divider\">\n\t\t\t<span class=\"elementor-divider-separator\">\n\t\t\t\t\t\t<\/span>\n\t\t<\/div>\n\t\t\t\t\t\t<\/div>\n\t\t\t\t<\/div>\n\t\t\t\t\t<\/div>\n\t\t<\/div>\n\t\t\t\t\t<\/div>\n\t\t<\/section>\n\t\t\t\t<section class=\"elementor-section elementor-top-section elementor-element elementor-element-3c00417 elementor-section-boxed elementor-section-height-default elementor-section-height-default\" data-id=\"3c00417\" data-element_type=\"section\" data-e-type=\"section\">\n\t\t\t\t\t\t<div class=\"elementor-container elementor-column-gap-default\">\n\t\t\t\t\t<div class=\"elementor-column elementor-col-100 elementor-top-column elementor-element elementor-element-3014815 wpb-col-sm-100\" data-id=\"3014815\" data-element_type=\"column\" data-e-type=\"column\">\n\t\t\t<div class=\"elementor-widget-wrap elementor-element-populated\">\n\t\t\t\t\t\t<div class=\"elementor-element elementor-element-d8a19ab elementor-widget elementor-widget-google_maps\" data-id=\"d8a19ab\" data-element_type=\"widget\" data-e-type=\"widget\" data-widget_type=\"google_maps.default\">\n\t\t\t\t<div class=\"elementor-widget-container\">\n\t\t\t\t\t\t\t<div class=\"elementor-custom-embed\">\n\t\t\t<iframe loading=\"lazy\"\n\t\t\t\t\tsrc=\"https:\/\/maps.google.com\/maps?q=D%C5%BEemala%20Bijedi%C4%87a%20279%20B&#038;t=m&#038;z=16&#038;output=embed&#038;iwloc=near\"\n\t\t\t\t\ttitle=\"D\u017eemala Bijedi\u0107a 279 B\"\n\t\t\t\t\taria-label=\"D\u017eemala Bijedi\u0107a 279 B\"\n\t\t\t><\/iframe>\n\t\t<\/div>\n\t\t\t\t\t\t<\/div>\n\t\t\t\t<\/div>\n\t\t\t\t<section class=\"elementor-section elementor-inner-section elementor-element elementor-element-ff73c41 box-map-contact elementor-section-boxed elementor-section-height-default elementor-section-height-default\" data-id=\"ff73c41\" data-element_type=\"section\" data-e-type=\"section\" data-settings=\"{&quot;background_background&quot;:&quot;classic&quot;}\">\n\t\t\t\t\t\t<div class=\"elementor-container elementor-column-gap-default\">\n\t\t\t\t\t<div class=\"elementor-column elementor-col-100 elementor-inner-column elementor-element elementor-element-f7c8fcc\" data-id=\"f7c8fcc\" data-element_type=\"column\" data-e-type=\"column\">\n\t\t\t<div class=\"elementor-widget-wrap elementor-element-populated\">\n\t\t\t\t\t\t<div class=\"elementor-element elementor-element-b435c06 elementor-view-default elementor-widget elementor-widget-icon\" data-id=\"b435c06\" data-element_type=\"widget\" data-e-type=\"widget\" data-widget_type=\"icon.default\">\n\t\t\t\t<div class=\"elementor-widget-container\">\n\t\t\t\t\t\t\t<div class=\"elementor-icon-wrapper\">\n\t\t\t<div class=\"elementor-icon\">\n\t\t\t<svg xmlns=\"http:\/\/www.w3.org\/2000\/svg\" xmlns:xlink=\"http:\/\/www.w3.org\/1999\/xlink\" id=\"Capa_1\" x=\"0px\" y=\"0px\" viewBox=\"0 0 512 512\" style=\"enable-background:new 0 0 512 512;\" xml:space=\"preserve\"><g>\t<g>\t\t<path d=\"M256,120c-33.091,0-60,26.909-60,60c0,33.249,26.861,60,60,60c33.733,0,60-27.255,60-60C316,146.909,289.091,120,256,120z    \"><\/path>\t<\/g><\/g><g>\t<g>\t\t<path d=\"M256,0C156.742,0,76,80.742,76,180c0,33.53,9.287,66.255,26.851,94.644l142.896,230.259    c5.925,9.569,19.895,9.423,25.635-0.205L410.63,272.212C427.211,244.424,436,212.534,436,180C436,80.742,355.258,0,256,0z     M256,270.2c-50.345,0-90.2-40.979-90.2-90.2c0-49.629,40.571-90.2,90.2-90.2s90.2,40.571,90.2,90.2    C346.2,228.787,306.881,270.2,256,270.2z\"><\/path>\t<\/g><\/g><g><\/g><g><\/g><g><\/g><g><\/g><g><\/g><g><\/g><g><\/g><g><\/g><g><\/g><g><\/g><g><\/g><g><\/g><g><\/g><g><\/g><g><\/g><\/svg>\t\t\t<\/div>\n\t\t<\/div>\n\t\t\t\t\t\t<\/div>\n\t\t\t\t<\/div>\n\t\t\t\t<div class=\"elementor-element elementor-element-f414b63 elementor-widget elementor-widget-heading\" data-id=\"f414b63\" data-element_type=\"widget\" data-e-type=\"widget\" data-widget_type=\"heading.default\">\n\t\t\t\t<div class=\"elementor-widget-container\">\n\t\t\t\t\t<h2 class=\"elementor-heading-title elementor-size-default\">Sarajevo,<br>Bosna i Hercegovina<\/h2>\t\t\t\t<\/div>\n\t\t\t\t<\/div>\n\t\t\t\t<div class=\"elementor-element elementor-element-72c2944 elementor-widget elementor-widget-text-editor\" data-id=\"72c2944\" data-element_type=\"widget\" data-e-type=\"widget\" data-widget_type=\"text-editor.default\">\n\t\t\t\t<div class=\"elementor-widget-container\">\n\t\t\t\t\t\t\t\t\t<p>D\u017eemala Bijedi\u0107a 279 B, Naselje bulevar<\/p>\t\t\t\t\t\t\t\t<\/div>\n\t\t\t\t<\/div>\n\t\t\t\t\t<\/div>\n\t\t<\/div>\n\t\t\t\t\t<\/div>\n\t\t<\/section>\n\t\t\t\t\t<\/div>\n\t\t<\/div>\n\t\t\t\t\t<\/div>\n\t\t<\/section>\n\t\t\t\t<\/div>\n\t\t","protected":false},"excerpt":{"rendered":"<p>Aera lighting, D\u017eemala Bijedi\u0107a 279 B, Naselje bulevar Rasvjeta za vas U savremenom svijetu, rasvjeta je postala neizostavan dio svakog enterijera i eksterijera. Ona ne samo da osvjetljava prostor, ve\u0107 ga i transformi\u0161e, stvaraju\u0107i atmosferu i nagla\u0161avaju\u0107i estetiku. Dekorativna rasvjeta nije samo funkcionalna; ona je postala izraz stila i elegancije u modernom ure\u0111enju prostora. Upravo [&hellip;]<\/p>\n","protected":false},"author":315,"featured_media":0,"parent":0,"menu_order":0,"comment_status":"closed","ping_status":"closed","template":"","meta":{"footnotes":""},"class_list":["post-9095","page","type-page","status-publish","hentry"],"_hostinger_reach_plugin_has_subscription_block":false,"_hostinger_reach_plugin_is_elementor":false,"_links":{"self":[{"href":"https:\/\/aera.ba\/index.php?rest_route=\/wp\/v2\/pages\/9095","targetHints":{"allow":["GET"]}}],"collection":[{"href":"https:\/\/aera.ba\/index.php?rest_route=\/wp\/v2\/pages"}],"about":[{"href":"https:\/\/aera.ba\/index.php?rest_route=\/wp\/v2\/types\/page"}],"author":[{"embeddable":true,"href":"https:\/\/aera.ba\/index.php?rest_route=\/wp\/v2\/users\/315"}],"replies":[{"embeddable":true,"href":"https:\/\/aera.ba\/index.php?rest_route=%2Fwp%2Fv2%2Fcomments&post=9095"}],"version-history":[{"count":25,"href":"https:\/\/aera.ba\/index.php?rest_route=\/wp\/v2\/pages\/9095\/revisions"}],"predecessor-version":[{"id":15432,"href":"https:\/\/aera.ba\/index.php?rest_route=\/wp\/v2\/pages\/9095\/revisions\/15432"}],"wp:attachment":[{"href":"https:\/\/aera.ba\/index.php?rest_route=%2Fwp%2Fv2%2Fmedia&parent=9095"}],"curies":[{"name":"wp","href":"https:\/\/api.w.org\/{rel}","templated":true}]}}